{"id":11806,"date":"2021-07-07T10:11:05","date_gmt":"2021-07-07T08:11:05","guid":{"rendered":"https:\/\/www.comunidadentama.com\/politica-de-privacidad\/"},"modified":"2025-10-10T14:03:38","modified_gmt":"2025-10-10T12:03:38","slug":"politica-de-privacidad","status":"publish","type":"page","link":"https:\/\/www.comunidadentama.com\/pt-pt\/politica-de-privacidad\/","title":{"rendered":"Pol\u00edtica de privacidad"},"content":{"rendered":"\n<ol class=\"wp-block-list\">\n<li><strong>Respons\u00e1veis pelo tratamento e dados de contacto:<\/strong><\/li>\n<\/ol>\n\n\n\n<p>Na eventualidade de as iniciativas locais ocorrerem em&nbsp;<strong><u>Portugal<\/u><\/strong>:<\/p>\n\n\n\n<ul class=\"wp-block-list\">\n<li><u>Respons\u00e1vel pelo tratamento<\/u>: EDP, S.A<\/li>\n\n\n\n<li><u>Sede<\/u>: Avenida 24 Julho, 12, 1249-300 Lisboa<\/li>\n\n\n\n<li><u>NIF<\/u>: 500697256<\/li>\n\n\n\n<li><u>Encarregado da Prote\u00e7\u00e3o de Dados (EDP)<\/u>: dpo.pt@edp.com<\/li>\n<\/ul>\n\n\n\n<p>Na eventualidade de as iniciativas locais ocorrerem em&nbsp;<strong><u>Espanha<\/u><\/strong>:<\/p>\n\n\n\n<ul class=\"wp-block-list\">\n<li><u>Respons\u00e1vel pelo tratamento<\/u>: EDP Sucursal em Espanha<\/li>\n\n\n\n<li><u>Sede:<\/u>&nbsp;Parque de Adequa, Avenida de Burgos, n\u00ba89, Edificio 1, M\u00f3dulo A-B, Madrid, Espanha.<\/li>\n\n\n\n<li><u>Encarregado da Prote\u00e7\u00e3o de Dados (EPD)<\/u>: dpd@edpenergia.es<\/li>\n<\/ul>\n\n\n\n<p>Doravante e de maneira conjunta, ser\u00e3o denominados ambos os respons\u00e1veis independentes pelo tratamento como \u00ab<strong>EDP\u00bb<\/strong>.<\/p>\n\n\n\n<p>Atrav\u00e9s da leitura da presente Pol\u00edtica de Privacidade (doravante, a \u00ab<strong>Pol\u00edtica de Privacidade\u00bb<\/strong>), o utilizador (doravante, o \u00ab<strong>Utilizador<\/strong>\u00bb) fica informado sobre a forma como a EDP recolhe, trata e protege os dados de car\u00e1ter pessoal que s\u00e3o partilhados atrav\u00e9s dos respetivos formul\u00e1rios dispon\u00edveis no s\u00edtio Web&nbsp;<a href=\"https:\/\/www.comunidadentama.com\/\"><strong>www.www.comunidadentama.com<\/strong><\/a>&nbsp;(doravante, o \u00ab<strong>s\u00edtio Web<\/strong>\u00bb), bem como aqueles que venham a ser submetidos no \u00e2mbito da apresenta\u00e7\u00e3o de candidaturas atrav\u00e9s do Programa Entama.<\/p>\n\n\n\n<p>O Utilizador deve ler com aten\u00e7\u00e3o a presente Pol\u00edtica de Privacidade, que foi redigida de forma clara e simples para facilitar a sua compreens\u00e3o, e decidir de forma livre e volunt\u00e1ria se pretende facultar os seus dados pessoais \u00e0 EDP.<\/p>\n\n\n\n<ol start=\"2\"><li><strong>Finalidades e bases jur\u00eddicas do tratamento<\/strong><\/li><\/ol>\n\n\n\n<p>A EDP tratar\u00e1 os dados pessoais recolhidos em cada um dos formul\u00e1rios do s\u00edtio Web para as seguintes finalidades:<\/p>\n\n\n\n<ul class=\"wp-block-list\">\n<li><strong>Formul\u00e1rio \u00ab<\/strong> <strong>Envie-nos a sua candidatura \u00bb:<\/strong>&nbsp;A EDP tratar\u00e1 os seus dados pessoais com a finalidade de gerir a candidatura do projeto atrav\u00e9s do formul\u00e1rio correspondente ou enviada por e-mail para o endere\u00e7o&nbsp;<a href=\"mailto:stakeholders.iberia@edp.com\"><strong>stakeholders.iberia@edp.com<\/strong><\/a>&nbsp;, verificando o cumprimento dos requisitos do pedido de apoios previsto no Programa Entama, a sele\u00e7\u00e3o dos projetos benefici\u00e1rios desses apoios e a gest\u00e3o integral dos mesmos, incluindo o acompanhamento dos projetos selecionados e qualquer a\u00e7\u00e3o de comunica\u00e7\u00e3o e divulga\u00e7\u00e3o realizadas pela EDP durante a vig\u00eancia do Programa Entama. O fundamento que legitima o tratamento para estas finalidades corresponde \u00e0 execu\u00e7\u00e3o da rela\u00e7\u00e3o entre o candidato e a EDP.<\/li>\n\n\n\n<li>Dados de navega\u00e7\u00e3o e cookies: A EDP proceder\u00e1 ao tratamento dos dados com a finalidade de melhorar a acessibilidade e usabilidade do s\u00edtio Web, bem como para personalizar e analisar a navega\u00e7\u00e3o e exibir publicidade e an\u00fancios baseados nos seus interesses, tendo por base o seu consentimento. Para mais informa\u00e7\u00e3o pode consultar a nossa&nbsp;<strong><u>Pol\u00edtica de Cookies<\/u><\/strong>&nbsp;do s\u00edtio Web.<\/li>\n<\/ul>\n\n\n\n<p>Em caso algum poder\u00e3o ser inclu\u00eddos, em qualquer dos formul\u00e1rios, dados pessoais correspondentes a terceiros, salvo se o Utilizador tiver obtido previamente o seu consentimento nos termos exigidos pelo artigo 7.\u00ba do RGPD, sendo o respons\u00e1vel exclusivo pelo incumprimento desta obriga\u00e7\u00e3o e de qualquer outra obriga\u00e7\u00e3o relativa a dados pessoais.<\/p>\n\n\n\n<ol start=\"3\"><li><strong>Categorias e qualidade dos dados<\/strong><\/li><\/ol>\n\n\n\n<p>Os dados pessoais dos utilizadores que ser\u00e3o tratados para as finalidades descritas ser\u00e3o os seguintes::<\/p>\n\n\n\n<ul class=\"wp-block-list\">\n<li><strong>Formul\u00e1rio \u00ab Envie-nos a sua candidatura \u00bb:<\/strong>&nbsp;nome, apelidos, e-mail de contacto, n\u00famero de telefone, CV da equipa participante, bem como quaisquer outros dados apresentados pelo utilizador no \u00e2mbito da apresenta\u00e7\u00e3o de candidaturas atrav\u00e9s do Programa ENTAMA.<\/li>\n\n\n\n<li><strong>Outros dados<\/strong>: dados de navega\u00e7\u00e3o e utiliza\u00e7\u00e3o do s\u00edtio Web mediante a utiliza\u00e7\u00e3o de cookies e outras tecnologias de rastreio. Mais informa\u00e7\u00e3o na&nbsp;<strong><u>Pol\u00edtica de Cookies<\/u><\/strong>.<\/li>\n<\/ul>\n\n\n\n<p>Os dados solicitados ser\u00e3o os dados necess\u00e1rios para a execu\u00e7\u00e3o da finalidade indicada, pelo que a sua recusa em facult\u00e1-los impedir\u00e1 que a EDP possa responder ao seu pedido ou processar a sua participa\u00e7\u00e3o no Programa Entama, nos casos em que sejam identificados como de preenchimento obrigat\u00f3rio.<\/p>\n\n\n\n<p>O Utilizador garante que os dados pessoais fornecidos s\u00e3o verdadeiros e \u00e9 respons\u00e1vel pela comunica\u00e7\u00e3o de quaisquer altera\u00e7\u00f5es aos mesmos.<\/p>\n\n\n\n<p><ol start=\"4\"><li><strong>Comunica\u00e7\u00e3o dos dados<\/strong><\/li><\/ol><\/p>\n\n\n\n<p>Os dados pessoais tratados e\/ou recolhidos ser\u00e3o comunicados \u00e0s seguintes entidades:<\/p>\n\n\n\n<ul class=\"wp-block-list\">\n<li>Organismos e administra\u00e7\u00f5es p\u00fablicas abrangidas pela lei;<\/li>\n\n\n\n<li>Caso o seu projeto seja selecionado, os seus dados pessoais ser\u00e3o comunicados \u00e0 empresa do Grupo EDP respons\u00e1vel por tal iniciativa local para gerir a assinatura do Acordo de Colabora\u00e7\u00e3o e a sua participa\u00e7\u00e3o no Programa Entama, assim como para a\u00e7\u00f5es de divulga\u00e7\u00e3o e comunica\u00e7\u00e3o levadas a cabo pelas entidades do Grupo EDP durante a vig\u00eancia do Programa, com base na aplica\u00e7\u00e3o de medidas pr\u00e9-contratuais.<\/li>\n\n\n\n<li>Respons\u00e1veis pelos servi\u00e7os de an\u00e1lise web, tendo por base o consentimento. O s\u00edtio Web possui ferramentas de terceiros que recolhem cookies e outras tecnologias anal\u00edticas e\/ou publicit\u00e1rias similares. Mais informa\u00e7\u00e3o na nossa&nbsp;<strong><u><a href=\"_wp_link_placeholder\" data-wplink-edit=\"true\">Pol\u00edtica de Cookies<\/a>.<\/u><\/strong><\/li>\n<\/ul>\n\n\n\n<p>Adicionalmente, os dados pessoais ser\u00e3o tratados pelos fornecedores que atuam na qualidade de respons\u00e1veis pelo tratamento e que s\u00e3o necess\u00e1rios para o cumprimento adequado das obriga\u00e7\u00f5es contratuais, incluindo aqueles que possam estar localizados fora do Espa\u00e7o Econ\u00f3mico Europeu, caso em que a transfer\u00eancia internacional de dados \u00e9 adequada.<\/p>\n\n\n\n<p><ol start=\"5\"><li><strong>Prazos de conserva\u00e7\u00e3o<\/strong><\/li><\/ol><\/p>\n\n\n\n<p>Relativamente aos dados fornecidos pelo utilizador atrav\u00e9s do formul\u00e1rio de candidatura, estes ser\u00e3o conservados durante o per\u00edodo de gest\u00e3o da sua candidatura para beneficiar dos apoios do Programa Entama, bem como do acompanhamento efetuado no caso de o seu projeto ser selecionado, durante toda a dura\u00e7\u00e3o do Programa Entama, que poder\u00e1 ser prorrogada durante o per\u00edodo de prescri\u00e7\u00e3o das a\u00e7\u00f5es judiciais correspondentes, devendo os dados ser mantidos bloqueados durante o referido per\u00edodo de prescri\u00e7\u00e3o. Ap\u00f3s este per\u00edodo, os dados ser\u00e3o eliminados.<\/p>\n\n\n\n<p><ol start=\"6\"><li><strong>Seguran\u00e7a dos dados<\/strong><\/li><\/ol><\/p>\n\n\n\n<p>A EDP compromete-se a cumprir as obriga\u00e7\u00f5es de seguran\u00e7a relativas aos dados fornecidos pelos Utilizadores, estabelecendo para tal todos os meios t\u00e9cnicos ao seu alcance a fim de evitar a perda, m\u00e1 utiliza\u00e7\u00e3o, altera\u00e7\u00e3o, acesso n\u00e3o autorizado e roubo dos dados fornecidos pelo Utilizador atrav\u00e9s do s\u00edtio Web.<\/p>\n\n\n\n<p><ol start=\"7\"><li><strong>Direitos da parte interessada<\/strong><\/li><\/ol><\/p>\n\n\n\n<p>Como titular dos dados pessoais, tem direito a contactar, em qualquer momento e de forma gratuita, a EDP, S.A ou EDP Sucursal em Espanha, atrav\u00e9s das moradas seguintes \u2013&nbsp;<em>comprovando devidamente a sua identidade<\/em>-:<\/p>\n\n\n\n<ul class=\"wp-block-list\">\n<li>No caso de se tratar da EDP Sucursal em Espanha, dever\u00e1 faz\u00ea-lo por escrito para a seguinte morada: Plaza del Fresno, N\u00ba2, 33007 Oviedo. De igual forma, pode exercer tais direitos atrav\u00e9s deste formul\u00e1rio (<a href=\"https:\/\/edp-privacy.my.onetrust.com\/webform\/374643dd-c881-4045-8a8d-09d1a208d5c2\/f4b2fd2c-cb1a-418f-bcd2-b9f236f948e6\"><strong>Exerc\u00edcio de Direitos de Prote\u00e7\u00e3o de Dados<\/strong><\/a>).<\/li>\n\n\n\n<li>No caso de se tratar da EDP, SA. Pode entrar em contacto com o respons\u00e1vel pela prote\u00e7\u00e3o de dados (RPD) da EDP, cujo e-mail \u00e9:&nbsp;<a href=\"mailto:dpd.pt@edp.com\"><strong>pt@edp.com<\/strong><\/a><\/li>\n<\/ul>\n\n\n\n<p>Em ambos os casos, poder\u00e1 exercer os seguintes direitos:<\/p>\n\n\n\n<ul class=\"wp-block-list\">\n<li><strong>Direito de acesso:<\/strong>&nbsp;Tem o direito a ser informado pela EDP sobre se esta leva ou n\u00e3o a cabo o tratamento dos seus dados pessoais e, em caso afirmativo, a ter acesso a esses dados e a receber informa\u00e7\u00f5es sobre as finalidades do seu tratamento, as categorias de dados objeto de tratamento, os destinat\u00e1rios a quem foram comunicados os seus dados pessoais e o prazo previsto de conserva\u00e7\u00e3o dos dados, entre outras informa\u00e7\u00f5es.<\/li>\n\n\n\n<li><strong>Direito de retifica\u00e7\u00e3o:<\/strong>&nbsp;Em qualquer altura, poder\u00e1 solicitar \u00e0 EDP a retifica\u00e7\u00e3o, sem demora injustificada, dos dados pessoais incorretos que lhe digam respeito, bem como a conclus\u00e3o do tratamento dos dados em curso.<\/li>\n\n\n\n<li><strong>Direito de revoga\u00e7\u00e3o do consentimento:<\/strong>&nbsp;Poder\u00e1 revogar os consentimentos outorgados (incluindo o envio de informa\u00e7\u00e3o comercial). A revoga\u00e7\u00e3o n\u00e3o afetar\u00e1 a licitude dos tratamentos efetuados anteriormente.<\/li>\n\n\n\n<li><strong>Direito de oposi\u00e7\u00e3o total ou parcial ao tratamento:&nbsp;<\/strong>Poder\u00e1 opor-se ao tratamento dos seus dados pessoais em determinadas circunst\u00e2ncias e por motivos relacionados com a sua situa\u00e7\u00e3o particular (nomeadamente, ao tratamento de dados no \u00e2mbito do interesse leg\u00edtimo da EDP, como o marketing direto ou a elabora\u00e7\u00e3o de perfis). Nesses casos, a EDP deixar\u00e1 de tratar os dados pessoais, exceto se apresentar raz\u00f5es leg\u00edtimas imperiosas para tal tratamento que prevale\u00e7am sobre os interesses, direitos e liberdades da parte interessada, ou para efeitos de formula\u00e7\u00e3o, exerc\u00edcio ou defesa de reclama\u00e7\u00f5es.<\/li>\n\n\n\n<li><strong>Direito de portabilidade dos seus dados:<\/strong>&nbsp;Tem o direito de receber os dados pessoais que forneceu \u00e0 EDP num formato estruturado, de uso comum e de leitura autom\u00e1tica, e de os poder partilhar com outro respons\u00e1vel pelo tratamento de dados, sem que o respons\u00e1vel a quem os forneceu o possa impedir, nos casos legalmente previstos para o efeito.<\/li>\n\n\n\n<li><strong>Direito a contestar decis\u00f5es individuais automatizadas:<\/strong>&nbsp;De igual forma, para al\u00e9m dos direitos mencionados, caso sejam adotadas decis\u00f5es automatizadas, incluindo a elabora\u00e7\u00e3o de perfis, tem o direito de obter a interven\u00e7\u00e3o humana da EDP e de expressar o seu ponto de vista e contestar a decis\u00e3o.<\/li>\n\n\n\n<li><strong>Direito de limita\u00e7\u00e3o do tratamento:<\/strong>&nbsp;Em determinadas circunst\u00e2ncias (por exemplo, no caso do requerente contestar a exatid\u00e3o dos seus dados durante a verifica\u00e7\u00e3o da exatid\u00e3o dos dados), pode solicitar que limitemos o tratamento dos seus dados pessoais e que estes sejam apenas tratados para efeitos do exerc\u00edcio ou defesa de reclama\u00e7\u00f5es.<\/li>\n\n\n\n<li><strong>Direito de elimina\u00e7\u00e3o:<\/strong>&nbsp;O utilizador tem o direito a solicitar a elimina\u00e7\u00e3o dos seus dados pessoais sempre que estejam satisfeitos os requisitos legais aplic\u00e1veis, nomeadamente se j\u00e1 n\u00e3o forem necess\u00e1rios para as finalidades para os quais foram recolhidos.<\/li>\n<\/ul>\n\n\n\n<p>Em qualquer caso, o utilizador tem o direito de apresentar uma reclama\u00e7\u00e3o, se aplic\u00e1vel, \u00e0 Ag\u00eancia Espanhola de Prote\u00e7\u00e3o de Dados. (<a href=\"http:\/\/www.aepd.es\/\"><strong>www.aepd.es<\/strong><\/a>) ou \u00e0 Comiss\u00e3o Nacional de Prote\u00e7\u00e3o de Dados (<a href=\"http:\/\/www.cnpd.pt\/\"><strong>www.cnpd.pt<\/strong><\/a>).<\/p>\n\n\n\n<p><ol start=\"8\"><li><strong>Atualiza\u00e7\u00e3o da Pol\u00edtica de Privacidade<\/strong><\/li><\/ol><\/p>\n\n\n\n<p>A EDP reserva-se o direito de modificar a presente Pol\u00edtica de Privacidade para adapt\u00e1-la \u00e0s suas necessidades ou a qualquer nova legisla\u00e7\u00e3o que possa ser aplic\u00e1vel. Nesses casos, as altera\u00e7\u00f5es efetuadas ser\u00e3o anunciadas e publicadas neste s\u00edtio Web para que sejam facilmente acess\u00edveis em qualquer momento.<\/p>\n\n\n\n<p><strong><em>\u00daltima vers\u00e3o: outubro de 2025.<\/em><\/strong><\/p>\n","protected":false},"excerpt":{"rendered":"<p>Na eventualidade de as iniciativas locais ocorrerem em&nbsp;Portugal: Na eventualidade de as iniciativas locais ocorrerem em&nbsp;Espanha: Doravante e de maneira conjunta, ser\u00e3o denominados ambos os respons\u00e1veis independentes pelo tratamento como \u00abEDP\u00bb. Atrav\u00e9s da leitura da presente Pol\u00edtica de Privacidade (doravante, a \u00abPol\u00edtica de Privacidade\u00bb), o utilizador (doravante, o \u00abUtilizador\u00bb) fica informado sobre a forma como [&hellip;]<\/p>\n","protected":false},"author":1,"featured_media":10531,"parent":0,"menu_order":0,"comment_status":"closed","ping_status":"closed","template":"","meta":{"footnotes":""},"tipo_de_plantilla":[37],"class_list":["post-11806","page","type-page","status-publish","has-post-thumbnail","hentry","tipo_de_plantilla-default"],"acf":[],"yoast_head":"<!-- This site is optimized with the Yoast SEO plugin v26.5 - https:\/\/yoast.com\/wordpress\/plugins\/seo\/ -->\n<title>Pol\u00edtica de privacidad | Entama | Programa de apoyo a emprendedores del entorno social y territorial de EDP<\/title>\n<meta name=\"description\" content=\"Pol\u00edtica de privacidad\" \/>\n<meta name=\"robots\" content=\"noindex, follow\" \/>\n<meta property=\"og:locale\" content=\"pt_PT\" \/>\n<meta property=\"og:type\" content=\"article\" \/>\n<meta property=\"og:title\" content=\"Pol\u00edtica de privacidad | Entama | Programa de apoyo a emprendedores del entorno social y territorial de EDP\" \/>\n<meta property=\"og:description\" content=\"Pol\u00edtica de privacidad\" \/>\n<meta property=\"og:url\" content=\"https:\/\/www.comunidadentama.com\/pt-pt\/politica-de-privacidad\/\" \/>\n<meta property=\"og:site_name\" content=\"Entama | Programa de apoyo a emprendedores del entorno social y territorial de EDP\" \/>\n<meta property=\"article:modified_time\" content=\"2025-10-10T12:03:38+00:00\" \/>\n<meta property=\"og:image\" content=\"https:\/\/www.comunidadentama.com\/wp-content\/uploads\/2023\/05\/envio-candidaturas.jpg\" \/>\n\t<meta property=\"og:image:width\" content=\"1920\" \/>\n\t<meta property=\"og:image:height\" content=\"1080\" \/>\n\t<meta property=\"og:image:type\" content=\"image\/jpeg\" \/>\n<meta name=\"twitter:card\" content=\"summary_large_image\" \/>\n<meta name=\"twitter:label1\" content=\"Tempo estimado de leitura\" \/>\n\t<meta name=\"twitter:data1\" content=\"7 minutos\" \/>\n<script type=\"application\/ld+json\" class=\"yoast-schema-graph\">{\"@context\":\"https:\/\/schema.org\",\"@graph\":[{\"@type\":\"WebPage\",\"@id\":\"https:\/\/www.comunidadentama.com\/pt-pt\/politica-de-privacidad\/\",\"url\":\"https:\/\/www.comunidadentama.com\/pt-pt\/politica-de-privacidad\/\",\"name\":\"Pol\u00edtica de privacidad | Entama | Programa de apoyo a emprendedores del entorno social y territorial de EDP\",\"isPartOf\":{\"@id\":\"https:\/\/www.comunidadentama.com\/pt-pt\/#website\"},\"primaryImageOfPage\":{\"@id\":\"https:\/\/www.comunidadentama.com\/pt-pt\/politica-de-privacidad\/#primaryimage\"},\"image\":{\"@id\":\"https:\/\/www.comunidadentama.com\/pt-pt\/politica-de-privacidad\/#primaryimage\"},\"thumbnailUrl\":\"https:\/\/www.comunidadentama.com\/wp-content\/uploads\/2023\/05\/envio-candidaturas.jpg\",\"datePublished\":\"2021-07-07T08:11:05+00:00\",\"dateModified\":\"2025-10-10T12:03:38+00:00\",\"description\":\"Pol\u00edtica de privacidad\",\"breadcrumb\":{\"@id\":\"https:\/\/www.comunidadentama.com\/pt-pt\/politica-de-privacidad\/#breadcrumb\"},\"inLanguage\":\"pt-PT\",\"potentialAction\":[{\"@type\":\"ReadAction\",\"target\":[\"https:\/\/www.comunidadentama.com\/pt-pt\/politica-de-privacidad\/\"]}]},{\"@type\":\"ImageObject\",\"inLanguage\":\"pt-PT\",\"@id\":\"https:\/\/www.comunidadentama.com\/pt-pt\/politica-de-privacidad\/#primaryimage\",\"url\":\"https:\/\/www.comunidadentama.com\/wp-content\/uploads\/2023\/05\/envio-candidaturas.jpg\",\"contentUrl\":\"https:\/\/www.comunidadentama.com\/wp-content\/uploads\/2023\/05\/envio-candidaturas.jpg\",\"width\":1920,\"height\":1080},{\"@type\":\"BreadcrumbList\",\"@id\":\"https:\/\/www.comunidadentama.com\/pt-pt\/politica-de-privacidad\/#breadcrumb\",\"itemListElement\":[{\"@type\":\"ListItem\",\"position\":1,\"name\":\"Portada\",\"item\":\"https:\/\/www.comunidadentama.com\/pt-pt\/\"},{\"@type\":\"ListItem\",\"position\":2,\"name\":\"Pol\u00edtica de privacidad\"}]},{\"@type\":\"WebSite\",\"@id\":\"https:\/\/www.comunidadentama.com\/pt-pt\/#website\",\"url\":\"https:\/\/www.comunidadentama.com\/pt-pt\/\",\"name\":\"Entama | Programa de apoyo a emprendedores del entorno social y territorial de EDP\",\"description\":\"\",\"publisher\":{\"@id\":\"https:\/\/www.comunidadentama.com\/pt-pt\/#organization\"},\"potentialAction\":[{\"@type\":\"SearchAction\",\"target\":{\"@type\":\"EntryPoint\",\"urlTemplate\":\"https:\/\/www.comunidadentama.com\/pt-pt\/?s={search_term_string}\"},\"query-input\":{\"@type\":\"PropertyValueSpecification\",\"valueRequired\":true,\"valueName\":\"search_term_string\"}}],\"inLanguage\":\"pt-PT\"},{\"@type\":\"Organization\",\"@id\":\"https:\/\/www.comunidadentama.com\/pt-pt\/#organization\",\"name\":\"Entama Ayudas para el emprendimiento rural | EDP\",\"url\":\"https:\/\/www.comunidadentama.com\/pt-pt\/\",\"logo\":{\"@type\":\"ImageObject\",\"inLanguage\":\"pt-PT\",\"@id\":\"https:\/\/www.comunidadentama.com\/pt-pt\/#\/schema\/logo\/image\/\",\"url\":\"https:\/\/www.comunidadentama.com\/wp-content\/uploads\/2023\/06\/logo-email.png\",\"contentUrl\":\"https:\/\/www.comunidadentama.com\/wp-content\/uploads\/2023\/06\/logo-email.png\",\"width\":949,\"height\":202,\"caption\":\"Entama Ayudas para el emprendimiento rural | EDP\"},\"image\":{\"@id\":\"https:\/\/www.comunidadentama.com\/pt-pt\/#\/schema\/logo\/image\/\"}}]}<\/script>\n<!-- \/ Yoast SEO plugin. -->","yoast_head_json":{"title":"Pol\u00edtica de privacidad | Entama | Programa de apoyo a emprendedores del entorno social y territorial de EDP","description":"Pol\u00edtica de privacidad","robots":{"index":"noindex","follow":"follow"},"og_locale":"pt_PT","og_type":"article","og_title":"Pol\u00edtica de privacidad | Entama | Programa de apoyo a emprendedores del entorno social y territorial de EDP","og_description":"Pol\u00edtica de privacidad","og_url":"https:\/\/www.comunidadentama.com\/pt-pt\/politica-de-privacidad\/","og_site_name":"Entama | Programa de apoyo a emprendedores del entorno social y territorial de EDP","article_modified_time":"2025-10-10T12:03:38+00:00","og_image":[{"width":1920,"height":1080,"url":"https:\/\/www.comunidadentama.com\/wp-content\/uploads\/2023\/05\/envio-candidaturas.jpg","type":"image\/jpeg"}],"twitter_card":"summary_large_image","twitter_misc":{"Tempo estimado de leitura":"7 minutos"},"schema":{"@context":"https:\/\/schema.org","@graph":[{"@type":"WebPage","@id":"https:\/\/www.comunidadentama.com\/pt-pt\/politica-de-privacidad\/","url":"https:\/\/www.comunidadentama.com\/pt-pt\/politica-de-privacidad\/","name":"Pol\u00edtica de privacidad | Entama | Programa de apoyo a emprendedores del entorno social y territorial de EDP","isPartOf":{"@id":"https:\/\/www.comunidadentama.com\/pt-pt\/#website"},"primaryImageOfPage":{"@id":"https:\/\/www.comunidadentama.com\/pt-pt\/politica-de-privacidad\/#primaryimage"},"image":{"@id":"https:\/\/www.comunidadentama.com\/pt-pt\/politica-de-privacidad\/#primaryimage"},"thumbnailUrl":"https:\/\/www.comunidadentama.com\/wp-content\/uploads\/2023\/05\/envio-candidaturas.jpg","datePublished":"2021-07-07T08:11:05+00:00","dateModified":"2025-10-10T12:03:38+00:00","description":"Pol\u00edtica de privacidad","breadcrumb":{"@id":"https:\/\/www.comunidadentama.com\/pt-pt\/politica-de-privacidad\/#breadcrumb"},"inLanguage":"pt-PT","potentialAction":[{"@type":"ReadAction","target":["https:\/\/www.comunidadentama.com\/pt-pt\/politica-de-privacidad\/"]}]},{"@type":"ImageObject","inLanguage":"pt-PT","@id":"https:\/\/www.comunidadentama.com\/pt-pt\/politica-de-privacidad\/#primaryimage","url":"https:\/\/www.comunidadentama.com\/wp-content\/uploads\/2023\/05\/envio-candidaturas.jpg","contentUrl":"https:\/\/www.comunidadentama.com\/wp-content\/uploads\/2023\/05\/envio-candidaturas.jpg","width":1920,"height":1080},{"@type":"BreadcrumbList","@id":"https:\/\/www.comunidadentama.com\/pt-pt\/politica-de-privacidad\/#breadcrumb","itemListElement":[{"@type":"ListItem","position":1,"name":"Portada","item":"https:\/\/www.comunidadentama.com\/pt-pt\/"},{"@type":"ListItem","position":2,"name":"Pol\u00edtica de privacidad"}]},{"@type":"WebSite","@id":"https:\/\/www.comunidadentama.com\/pt-pt\/#website","url":"https:\/\/www.comunidadentama.com\/pt-pt\/","name":"Entama | Programa de apoyo a emprendedores del entorno social y territorial de EDP","description":"","publisher":{"@id":"https:\/\/www.comunidadentama.com\/pt-pt\/#organization"},"potentialAction":[{"@type":"SearchAction","target":{"@type":"EntryPoint","urlTemplate":"https:\/\/www.comunidadentama.com\/pt-pt\/?s={search_term_string}"},"query-input":{"@type":"PropertyValueSpecification","valueRequired":true,"valueName":"search_term_string"}}],"inLanguage":"pt-PT"},{"@type":"Organization","@id":"https:\/\/www.comunidadentama.com\/pt-pt\/#organization","name":"Entama Ayudas para el emprendimiento rural | EDP","url":"https:\/\/www.comunidadentama.com\/pt-pt\/","logo":{"@type":"ImageObject","inLanguage":"pt-PT","@id":"https:\/\/www.comunidadentama.com\/pt-pt\/#\/schema\/logo\/image\/","url":"https:\/\/www.comunidadentama.com\/wp-content\/uploads\/2023\/06\/logo-email.png","contentUrl":"https:\/\/www.comunidadentama.com\/wp-content\/uploads\/2023\/06\/logo-email.png","width":949,"height":202,"caption":"Entama Ayudas para el emprendimiento rural | EDP"},"image":{"@id":"https:\/\/www.comunidadentama.com\/pt-pt\/#\/schema\/logo\/image\/"}}]}},"_links":{"self":[{"href":"https:\/\/www.comunidadentama.com\/pt-pt\/wp-json\/wp\/v2\/pages\/11806","targetHints":{"allow":["GET"]}}],"collection":[{"href":"https:\/\/www.comunidadentama.com\/pt-pt\/wp-json\/wp\/v2\/pages"}],"about":[{"href":"https:\/\/www.comunidadentama.com\/pt-pt\/wp-json\/wp\/v2\/types\/page"}],"author":[{"embeddable":true,"href":"https:\/\/www.comunidadentama.com\/pt-pt\/wp-json\/wp\/v2\/users\/1"}],"replies":[{"embeddable":true,"href":"https:\/\/www.comunidadentama.com\/pt-pt\/wp-json\/wp\/v2\/comments?post=11806"}],"version-history":[{"count":17,"href":"https:\/\/www.comunidadentama.com\/pt-pt\/wp-json\/wp\/v2\/pages\/11806\/revisions"}],"predecessor-version":[{"id":12676,"href":"https:\/\/www.comunidadentama.com\/pt-pt\/wp-json\/wp\/v2\/pages\/11806\/revisions\/12676"}],"wp:featuredmedia":[{"embeddable":true,"href":"https:\/\/www.comunidadentama.com\/pt-pt\/wp-json\/wp\/v2\/media\/10531"}],"wp:attachment":[{"href":"https:\/\/www.comunidadentama.com\/pt-pt\/wp-json\/wp\/v2\/media?parent=11806"}],"wp:term":[{"taxonomy":"tipo_de_plantilla","embeddable":true,"href":"https:\/\/www.comunidadentama.com\/pt-pt\/wp-json\/wp\/v2\/tipo_de_plantilla?post=11806"}],"curies":[{"name":"wp","href":"https:\/\/api.w.org\/{rel}","templated":true}]}}