{"id":11805,"date":"2021-07-14T10:00:31","date_gmt":"2021-07-14T08:00:31","guid":{"rendered":"https:\/\/www.comunidadentama.com\/politica-de-cookies\/"},"modified":"2021-07-14T10:00:31","modified_gmt":"2021-07-14T08:00:31","slug":"politica-de-cookies","status":"publish","type":"page","link":"https:\/\/www.comunidadentama.com\/pt-pt\/politica-de-cookies\/","title":{"rendered":"Pol\u00edtica de cookies"},"content":{"rendered":"<p>Es posible rechazar el uso de cookies en este sitio web y revocar los consentimientos utilizando la siguiente herramienta:<\/p>\n<p><button id=\"ot-sdk-btn\" class=\"ot-sdk-show-settings\">Ajustes de cookies<\/button><\/p>\n<p>El sitio web es editado por Izertis S.A. para EDP ESPA\u00d1A, S.A.U (Responsable del tratamiento).<\/p>\n<p>La presente Pol\u00edtica de Cookies intenta explicar, de forma transparente y espec\u00edfica, c\u00f3mo se utiliza la informaci\u00f3n personal recogida a trav\u00e9s de la utilizaci\u00f3n de este <em>website<\/em>. Es con este esp\u00edritu con el que, a trav\u00e9s de la presente Pol\u00edtica de Cookies, se detalla el c\u00f3mo, cu\u00e1ndo y porqu\u00e9 de la utilizaci\u00f3n de Cookies en este <em>website<\/em>. <\/p>\n<p>Este website utiliza Cookies, no s\u00f3lo para garantizar que ofrecemos una experiencia \u00fanica y personalizada, sino tambi\u00e9n para poder compartir con nuestros socios tecnol\u00f3gicos datos agregados que nos permitan mejorar, de forma continua e integrada, nuestra <em>website<\/em> y su experiencia de navegaci\u00f3n.<\/p>\n<h2>\u00bfQu\u00e9 son las Cookies?<\/h2>\n<p>Las Cookies son ficheros digitales con peque\u00f1os fragmentos de informaci\u00f3n (y generalmente con un identificador \u00fanico), que son descargados y almacenados en el dispositivo del visitante de un <em>website<\/em>. Pueden ser temporales (siendo borrados autom\u00e1ticamente cuando el <em>browser<\/em> se cierra) o persistentes (hasta una fecha de expiraci\u00f3n definida), as\u00ed como propias (definidas por la entidad que opera el <em>site<\/em>) o de responsabilidad de terceros. <\/p>\n<p>Las Cookies pueden clasificarse en relaci\u00f3n a la finalidad perseguida. Existen Cookies que son estrictamente necesarias para el funcionamiento del website (\u201c<strong>Cookies T\u00e9cnicas<\/strong>\u201d), mientras que otras se utilizan para saber d\u00f3nde se encuentra el usuario cuando solicita un servicio ( \u201c<strong>Cookies de Geolocalizaci\u00f3n<\/strong>\u201d, o bien para proporcionar informaci\u00f3n estad\u00edstica con la intenci\u00f3n de analizar la utilizaci\u00f3n del website y el respectivo rendimiento (\u201c<strong>Cookies anal\u00edticas<\/strong>\u201d). Hay Cookies que son utilizadas para poner a disposici\u00f3n funcionalidades adicionales en el website o para guardar las preferencias del visitante en relaci\u00f3n a la navegaci\u00f3n en el mismo, siempre que utilice el mismo dispositivo (\u201c<strong>Cookies de personalizaci\u00f3n<\/strong>\u201d). Otras cookies permiten gestionar de forma m\u00e1s eficaz la publicidad mostrada durante la navegaci\u00f3n, tanto propia como de terceros, adecuando el contenido al uso que realice de nuestra web (\u201c<strong>Cookies de publicidad y perfilado<\/strong>\u201d).   <\/p>\n<p>El visitante podr\u00e1 consultar dos plataformas que proporcionan informaci\u00f3n m\u00e1s detallada sobre Cookies y que no guardan ning\u00fan tipo de relaci\u00f3n comercial o jur\u00eddica con EDP ESPA\u00d1A, S.A.U: <a href=\"https:\/\/www.allaboutCookies.org\">https:\/\/www.allaboutCookies.org<\/a> o <a href=\"httpss:\/\/www.aboutcookies.org\/\">httpss:\/\/www.aboutCookies.org\/<\/a>.<\/p>\n<p>Adicionalmente, el usuario podr\u00e1 saber m\u00e1s sobre cu\u00e1les son las Cookies que se utilizan es este <em>website<\/em> a partir de la lista que se encuentra disponible en el apartado 4 de esta pol\u00edtica de cookies.<\/p>\n<h2>\u00bfPor qu\u00e9 utilizar Cookies?<\/h2>\n<p>La utilizaci\u00f3n de Cookies es una pr\u00e1ctica habitual en todos los <em>websites<\/em>, no perjudicando en forma alguna los dispositivos (ordenadores, <em>tablets<\/em>, tel\u00e9fonos m\u00f3viles, etc.) en que son almacenadas y permitiendo una mejor experiencia de utilizaci\u00f3n de las propias plataformas, tanto en t\u00e9rminos de rendimiento, como en t\u00e9rminos de navegaci\u00f3n, toda vez que los contenidos disponibles estar\u00e1n m\u00e1s orientados a las necesidades reales y expectativas de los usuarios.<\/p>\n<p>Las Cookies permiten, tambi\u00e9n, que el <em>Website<\/em> memorice informaciones sobre su visita, as\u00ed como su idioma preferido, su localizaci\u00f3n, la recurrencia de sus sesiones y otras variables que consideramos como relevantes para hacer su experiencia de b\u00fasqueda mucho m\u00e1s confortable y eficiente.<\/p>\n<h2>Cookies utilizadas y respectivas finalidades<\/h2>\n<p>EDP ESPA\u00d1A, S.A.U detalla, a continuaci\u00f3n, la informaci\u00f3n relativa a las Cookies utilizadas en el website, as\u00ed como las finalidades de tratamiento de los datos que las justifican.<\/p>\n<p>Este <em>website<\/em> o los emails enviados por EDP ESPA\u00d1A, S.A.U&nbsp;podr\u00e1 contener links con otros <em>websites<\/em> o aplicaciones, incluyendo los que sean responsabilidad de otros responsables diferentes a los de este website. En caso de que el usuario acceda a uno de esos <em>links<\/em> o aplicaciones, debe tener en consideraci\u00f3n que las respectivas Pol\u00edticas de Cookies son de la exclusiva responsabilidad de las entidades que las generan. Por este motivo, el usuario deber\u00e1 leer las Pol\u00edticas de Cookies de otras plataformas o aplicaciones antes de utilizarlas.  <\/p>\n<p><!-- Inicio de la lista de cookies de OneTrust --><\/p>\n<div id=\"ot-sdk-cookie-policy\"><\/div>\n<p><!-- Fin de la lista de cookies de OneTrust --><\/p>\n<h2>\u00bfDebo aceptar la utilizaci\u00f3n de Cookies?<\/h2>\n<p>En cumplimiento de la actual legislaci\u00f3n en vigor, con excepci\u00f3n de las cookies estrictamente necesarias y de las cookies de desempe\u00f1o\/an\u00e1lisis, este <em>website<\/em> solo podr\u00e1 recurrir a la utilizaci\u00f3n de Cookies mediante el consentimiento previo y expreso del visitante. EDP ESPA\u00d1A, S.A.U&nbsp;se compromete a utilizar Cookies solamente para las finalidades referidas en el punto anterior. <\/p>\n<p>Es importante referir que la utilizaci\u00f3n de Cookies es esencial para el correcto funcionamiento del <em>website<\/em> en su totalidad, por lo que se recomienda su aceptaci\u00f3n.<\/p>\n<h2>Gesti\u00f3n de Cookies<\/h2>\n<p>La mayor\u00eda de los navegadores permite el control sobre las Cookies almacenadas en los dispositivos del visitante, as\u00ed como su eliminaci\u00f3n inmediata, en caso de que el usuario pretenda dejar de permitir el almacenamiento local de Cookies.<br \/>\nLos usuarios pueden siempre configurar los dispositivos y los <em>browsers<\/em> que utilizan para aceptar todas o algunas Cookies, para notificar siempre que se emita una cookie, o para no recibir nunca Cookies. Para que el visitante pueda, de forma sencilla e intuitiva, gestionar sus Cookies a partir de su <em>browser<\/em>, podr\u00e1 utilizar uno de los siguientes links: <\/p>\n<ul>\n<li>Para m\u00e1s informaci\u00f3n sobre \u201cNavegaci\u00f3n Privada\u201d y gesti\u00f3n de Cookies en el <em>browser<\/em> Firefox, haga clic <a href=\"httpss:\/\/support.mozilla.org\/en-US\/kb\/enable-and-disable-cookies-website-preferences\"><strong>aqui<\/strong><\/a><\/li>\n<li>Para m\u00e1s informaci\u00f3n sobre \u201cNavegaci\u00f3n como Inc\u00f3gnito\u201d y gesti\u00f3n de Cookies en el <em>browser<\/em> Chrome, haga clic <a href=\"httpss:\/\/support.google.com\/chrome\/answer\/95647?hl=en\"><strong>aqui<\/strong><\/a><\/li>\n<li>Para m\u00e1s informaci\u00f3n sobre \u201cNavegaci\u00f3n Privada\u201d y gesti\u00f3n de Cookies a partir del <em>browser<\/em> Internet Explorer, haga clic <a href=\"httpss:\/\/support.microsoft.com\/pt-pt\/help\/17442\/windows-internet-explorer-delete-manage-cookies\"><strong>aqui<\/strong><\/a><\/li>\n<li>Para m\u00e1s informaci\u00f3n sobre \u201cNavegaci\u00f3n Privada\u201d y gesti\u00f3n de Cookies a partir de Safari, haga clic <a href=\"httpss:\/\/support.apple.com\/kb\/ph21411?locale=en_US\"><strong>aqui<\/strong><\/a><\/li>\n<li>Para m\u00e1s informaci\u00f3n sobre \u201cNavegaci\u00f3n Privada\u201d y gesti\u00f3n de Cookies en el <em>browser<\/em> Opera, haga clic <a href=\"https:\/\/help.opera.com\/Mac\/12.00\/en\/private.html\"><strong>aqui<\/strong><\/a><strong><u>.<\/u><\/strong><\/li>\n<\/ul>\n<h2>Transferencias internacionales de datos<\/h2>\n<p><strong>&nbsp;<\/strong><strong>Cookies Propias:<\/strong><br \/>\nLa informaci\u00f3n almacenada no ser\u00e1 objeto de una transferencia internacional de datos.<\/p>\n<p><strong>Cookies de terceros:<\/strong><br \/>\nEl usuario puede informarse de las transferencias a terceros pa\u00edses que, en su caso, realicen los terceros identificados en el apartado 4 de esta pol\u00edtica de cookies, en sus correspondientes pol\u00edticas.<\/p>\n<h2>Derechos de los interesados<\/h2>\n<p>Se recomienda la consulta de nuestra <a href=\"https:\/\/www.comunidadentama.com\/politica-privacidad\/\">Pol\u00edtica&nbsp;de&nbsp;Privacidad<\/a> para obtener m\u00e1s informaci\u00f3n acerca del tratamiento de datos que realizamos, as\u00ed como la forma de ejercer los derechos y reclamaciones del usuario ante el Delegado de Protecci\u00f3n de Datos de EDP ESPA\u00d1A, S.A.U&nbsp;y\/o a la autoridad de control correspondiente.<\/p>\n<h2>Modificaci\u00f3n de la Pol\u00edtica de Cookies<\/h2>\n<p>Esta pol\u00edtica de cookies puede ser actualizada y modificada en cualquier momento por EDP ESPA\u00d1A, S.A.U. Por ello, le recomendamos revisar esta pol\u00edtica cada vez que acceda a nuestro Sitio Web con el objetivo de estar adecuadamente informado sobre c\u00f3mo y para qu\u00e9 usamos las cookies.<\/p>\n<h2>Contacto<\/h2>\n<p>Para cualquier cuesti\u00f3n sobre la Pol\u00edtica de Cookies de este <em>website<\/em>, el visitante podr\u00e1 contactar con EDP ESPA\u00d1A, S.A.U a trav\u00e9s de  <a href=\"mailto:comunicacionesrgpd@edpenergia.es\" target=\"_blank\" rel=\"noopener\">comunicacionesrgpd@edpenergia.es<\/a><\/p>\n","protected":false},"excerpt":{"rendered":"<p>Es posible rechazar el uso de cookies en este sitio web y revocar los consentimientos utilizando la siguiente herramienta: Ajustes de cookies El sitio web es editado por Izertis S.A. para EDP ESPA\u00d1A, S.A.U (Responsable del tratamiento). La presente Pol\u00edtica de Cookies intenta explicar, de forma transparente y espec\u00edfica, c\u00f3mo se utiliza la informaci\u00f3n personal [&hellip;]<\/p>\n","protected":false},"author":1,"featured_media":10531,"parent":0,"menu_order":0,"comment_status":"closed","ping_status":"closed","template":"","meta":{"footnotes":""},"tipo_de_plantilla":[],"class_list":["post-11805","page","type-page","status-publish","has-post-thumbnail","hentry"],"acf":[],"yoast_head":"<!-- This site is optimized with the Yoast SEO plugin v26.5 - https:\/\/yoast.com\/wordpress\/plugins\/seo\/ -->\n<title>Pol\u00edtica de cookies | Entama | Programa de apoyo a emprendedores del entorno social y territorial de EDP<\/title>\n<meta name=\"description\" content=\"Pol\u00edtica de cookies\" \/>\n<meta name=\"robots\" content=\"noindex, follow\" \/>\n<meta property=\"og:locale\" content=\"pt_PT\" \/>\n<meta property=\"og:type\" content=\"article\" \/>\n<meta property=\"og:title\" content=\"Pol\u00edtica de cookies | Entama | Programa de apoyo a emprendedores del entorno social y territorial de EDP\" \/>\n<meta property=\"og:description\" content=\"Pol\u00edtica de cookies\" \/>\n<meta property=\"og:url\" content=\"https:\/\/www.comunidadentama.com\/pt-pt\/politica-de-cookies\/\" \/>\n<meta property=\"og:site_name\" content=\"Entama | Programa de apoyo a emprendedores del entorno social y territorial de EDP\" \/>\n<meta property=\"og:image\" content=\"https:\/\/www.comunidadentama.com\/wp-content\/uploads\/2023\/05\/envio-candidaturas.jpg\" \/>\n\t<meta property=\"og:image:width\" content=\"1920\" \/>\n\t<meta property=\"og:image:height\" content=\"1080\" \/>\n\t<meta property=\"og:image:type\" content=\"image\/jpeg\" \/>\n<meta name=\"twitter:card\" content=\"summary_large_image\" \/>\n<meta name=\"twitter:label1\" content=\"Tempo estimado de leitura\" \/>\n\t<meta name=\"twitter:data1\" content=\"6 minutos\" \/>\n<script type=\"application\/ld+json\" class=\"yoast-schema-graph\">{\"@context\":\"https:\/\/schema.org\",\"@graph\":[{\"@type\":\"WebPage\",\"@id\":\"https:\/\/www.comunidadentama.com\/pt-pt\/politica-de-cookies\/\",\"url\":\"https:\/\/www.comunidadentama.com\/pt-pt\/politica-de-cookies\/\",\"name\":\"Pol\u00edtica de cookies | Entama | Programa de apoyo a emprendedores del entorno social y territorial de EDP\",\"isPartOf\":{\"@id\":\"https:\/\/www.comunidadentama.com\/pt-pt\/#website\"},\"primaryImageOfPage\":{\"@id\":\"https:\/\/www.comunidadentama.com\/pt-pt\/politica-de-cookies\/#primaryimage\"},\"image\":{\"@id\":\"https:\/\/www.comunidadentama.com\/pt-pt\/politica-de-cookies\/#primaryimage\"},\"thumbnailUrl\":\"https:\/\/www.comunidadentama.com\/wp-content\/uploads\/2023\/05\/envio-candidaturas.jpg\",\"datePublished\":\"2021-07-14T08:00:31+00:00\",\"description\":\"Pol\u00edtica de cookies\",\"breadcrumb\":{\"@id\":\"https:\/\/www.comunidadentama.com\/pt-pt\/politica-de-cookies\/#breadcrumb\"},\"inLanguage\":\"pt-PT\",\"potentialAction\":[{\"@type\":\"ReadAction\",\"target\":[\"https:\/\/www.comunidadentama.com\/pt-pt\/politica-de-cookies\/\"]}]},{\"@type\":\"ImageObject\",\"inLanguage\":\"pt-PT\",\"@id\":\"https:\/\/www.comunidadentama.com\/pt-pt\/politica-de-cookies\/#primaryimage\",\"url\":\"https:\/\/www.comunidadentama.com\/wp-content\/uploads\/2023\/05\/envio-candidaturas.jpg\",\"contentUrl\":\"https:\/\/www.comunidadentama.com\/wp-content\/uploads\/2023\/05\/envio-candidaturas.jpg\",\"width\":1920,\"height\":1080},{\"@type\":\"BreadcrumbList\",\"@id\":\"https:\/\/www.comunidadentama.com\/pt-pt\/politica-de-cookies\/#breadcrumb\",\"itemListElement\":[{\"@type\":\"ListItem\",\"position\":1,\"name\":\"Portada\",\"item\":\"https:\/\/www.comunidadentama.com\/pt-pt\/\"},{\"@type\":\"ListItem\",\"position\":2,\"name\":\"Pol\u00edtica de cookies\"}]},{\"@type\":\"WebSite\",\"@id\":\"https:\/\/www.comunidadentama.com\/pt-pt\/#website\",\"url\":\"https:\/\/www.comunidadentama.com\/pt-pt\/\",\"name\":\"Entama | Programa de apoyo a emprendedores del entorno social y territorial de EDP\",\"description\":\"\",\"publisher\":{\"@id\":\"https:\/\/www.comunidadentama.com\/pt-pt\/#organization\"},\"potentialAction\":[{\"@type\":\"SearchAction\",\"target\":{\"@type\":\"EntryPoint\",\"urlTemplate\":\"https:\/\/www.comunidadentama.com\/pt-pt\/?s={search_term_string}\"},\"query-input\":{\"@type\":\"PropertyValueSpecification\",\"valueRequired\":true,\"valueName\":\"search_term_string\"}}],\"inLanguage\":\"pt-PT\"},{\"@type\":\"Organization\",\"@id\":\"https:\/\/www.comunidadentama.com\/pt-pt\/#organization\",\"name\":\"Entama Ayudas para el emprendimiento rural | EDP\",\"url\":\"https:\/\/www.comunidadentama.com\/pt-pt\/\",\"logo\":{\"@type\":\"ImageObject\",\"inLanguage\":\"pt-PT\",\"@id\":\"https:\/\/www.comunidadentama.com\/pt-pt\/#\/schema\/logo\/image\/\",\"url\":\"https:\/\/www.comunidadentama.com\/wp-content\/uploads\/2023\/06\/logo-email.png\",\"contentUrl\":\"https:\/\/www.comunidadentama.com\/wp-content\/uploads\/2023\/06\/logo-email.png\",\"width\":949,\"height\":202,\"caption\":\"Entama Ayudas para el emprendimiento rural | EDP\"},\"image\":{\"@id\":\"https:\/\/www.comunidadentama.com\/pt-pt\/#\/schema\/logo\/image\/\"}}]}<\/script>\n<!-- \/ Yoast SEO plugin. -->","yoast_head_json":{"title":"Pol\u00edtica de cookies | Entama | Programa de apoyo a emprendedores del entorno social y territorial de EDP","description":"Pol\u00edtica de cookies","robots":{"index":"noindex","follow":"follow"},"og_locale":"pt_PT","og_type":"article","og_title":"Pol\u00edtica de cookies | Entama | Programa de apoyo a emprendedores del entorno social y territorial de EDP","og_description":"Pol\u00edtica de cookies","og_url":"https:\/\/www.comunidadentama.com\/pt-pt\/politica-de-cookies\/","og_site_name":"Entama | Programa de apoyo a emprendedores del entorno social y territorial de EDP","og_image":[{"width":1920,"height":1080,"url":"https:\/\/www.comunidadentama.com\/wp-content\/uploads\/2023\/05\/envio-candidaturas.jpg","type":"image\/jpeg"}],"twitter_card":"summary_large_image","twitter_misc":{"Tempo estimado de leitura":"6 minutos"},"schema":{"@context":"https:\/\/schema.org","@graph":[{"@type":"WebPage","@id":"https:\/\/www.comunidadentama.com\/pt-pt\/politica-de-cookies\/","url":"https:\/\/www.comunidadentama.com\/pt-pt\/politica-de-cookies\/","name":"Pol\u00edtica de cookies | Entama | Programa de apoyo a emprendedores del entorno social y territorial de EDP","isPartOf":{"@id":"https:\/\/www.comunidadentama.com\/pt-pt\/#website"},"primaryImageOfPage":{"@id":"https:\/\/www.comunidadentama.com\/pt-pt\/politica-de-cookies\/#primaryimage"},"image":{"@id":"https:\/\/www.comunidadentama.com\/pt-pt\/politica-de-cookies\/#primaryimage"},"thumbnailUrl":"https:\/\/www.comunidadentama.com\/wp-content\/uploads\/2023\/05\/envio-candidaturas.jpg","datePublished":"2021-07-14T08:00:31+00:00","description":"Pol\u00edtica de cookies","breadcrumb":{"@id":"https:\/\/www.comunidadentama.com\/pt-pt\/politica-de-cookies\/#breadcrumb"},"inLanguage":"pt-PT","potentialAction":[{"@type":"ReadAction","target":["https:\/\/www.comunidadentama.com\/pt-pt\/politica-de-cookies\/"]}]},{"@type":"ImageObject","inLanguage":"pt-PT","@id":"https:\/\/www.comunidadentama.com\/pt-pt\/politica-de-cookies\/#primaryimage","url":"https:\/\/www.comunidadentama.com\/wp-content\/uploads\/2023\/05\/envio-candidaturas.jpg","contentUrl":"https:\/\/www.comunidadentama.com\/wp-content\/uploads\/2023\/05\/envio-candidaturas.jpg","width":1920,"height":1080},{"@type":"BreadcrumbList","@id":"https:\/\/www.comunidadentama.com\/pt-pt\/politica-de-cookies\/#breadcrumb","itemListElement":[{"@type":"ListItem","position":1,"name":"Portada","item":"https:\/\/www.comunidadentama.com\/pt-pt\/"},{"@type":"ListItem","position":2,"name":"Pol\u00edtica de cookies"}]},{"@type":"WebSite","@id":"https:\/\/www.comunidadentama.com\/pt-pt\/#website","url":"https:\/\/www.comunidadentama.com\/pt-pt\/","name":"Entama | Programa de apoyo a emprendedores del entorno social y territorial de EDP","description":"","publisher":{"@id":"https:\/\/www.comunidadentama.com\/pt-pt\/#organization"},"potentialAction":[{"@type":"SearchAction","target":{"@type":"EntryPoint","urlTemplate":"https:\/\/www.comunidadentama.com\/pt-pt\/?s={search_term_string}"},"query-input":{"@type":"PropertyValueSpecification","valueRequired":true,"valueName":"search_term_string"}}],"inLanguage":"pt-PT"},{"@type":"Organization","@id":"https:\/\/www.comunidadentama.com\/pt-pt\/#organization","name":"Entama Ayudas para el emprendimiento rural | EDP","url":"https:\/\/www.comunidadentama.com\/pt-pt\/","logo":{"@type":"ImageObject","inLanguage":"pt-PT","@id":"https:\/\/www.comunidadentama.com\/pt-pt\/#\/schema\/logo\/image\/","url":"https:\/\/www.comunidadentama.com\/wp-content\/uploads\/2023\/06\/logo-email.png","contentUrl":"https:\/\/www.comunidadentama.com\/wp-content\/uploads\/2023\/06\/logo-email.png","width":949,"height":202,"caption":"Entama Ayudas para el emprendimiento rural | EDP"},"image":{"@id":"https:\/\/www.comunidadentama.com\/pt-pt\/#\/schema\/logo\/image\/"}}]}},"_links":{"self":[{"href":"https:\/\/www.comunidadentama.com\/pt-pt\/wp-json\/wp\/v2\/pages\/11805","targetHints":{"allow":["GET"]}}],"collection":[{"href":"https:\/\/www.comunidadentama.com\/pt-pt\/wp-json\/wp\/v2\/pages"}],"about":[{"href":"https:\/\/www.comunidadentama.com\/pt-pt\/wp-json\/wp\/v2\/types\/page"}],"author":[{"embeddable":true,"href":"https:\/\/www.comunidadentama.com\/pt-pt\/wp-json\/wp\/v2\/users\/1"}],"replies":[{"embeddable":true,"href":"https:\/\/www.comunidadentama.com\/pt-pt\/wp-json\/wp\/v2\/comments?post=11805"}],"version-history":[{"count":0,"href":"https:\/\/www.comunidadentama.com\/pt-pt\/wp-json\/wp\/v2\/pages\/11805\/revisions"}],"wp:featuredmedia":[{"embeddable":true,"href":"https:\/\/www.comunidadentama.com\/pt-pt\/wp-json\/wp\/v2\/media\/10531"}],"wp:attachment":[{"href":"https:\/\/www.comunidadentama.com\/pt-pt\/wp-json\/wp\/v2\/media?parent=11805"}],"wp:term":[{"taxonomy":"tipo_de_plantilla","embeddable":true,"href":"https:\/\/www.comunidadentama.com\/pt-pt\/wp-json\/wp\/v2\/tipo_de_plantilla?post=11805"}],"curies":[{"name":"wp","href":"https:\/\/api.w.org\/{rel}","templated":true}]}}