{"id":11758,"date":"2022-04-11T12:22:41","date_gmt":"2022-04-11T10:22:41","guid":{"rendered":"https:\/\/www.comunidadentama.com\/cantabria\/"},"modified":"2025-02-05T08:42:23","modified_gmt":"2025-02-05T07:42:23","slug":"cantabria","status":"publish","type":"page","link":"https:\/\/www.comunidadentama.com\/pt-pt\/cantabria\/","title":{"rendered":"Cantabria"},"content":{"rendered":"\t\t<div data-elementor-type=\"wp-page\" data-elementor-id=\"11758\" class=\"elementor elementor-11758 elementor-4166\" data-elementor-settings=\"{&quot;ha_cmc_init_switcher&quot;:&quot;no&quot;}\" data-elementor-post-type=\"page\">\n\t\t\t\t\t\t<section class=\"elementor-section elementor-top-section elementor-element elementor-element-79af11cd elementor-section-content-middle elementor-section-height-full elementor-section-boxed elementor-section-height-default elementor-section-items-middle\" data-id=\"79af11cd\" data-element_type=\"section\" data-settings=\"{&quot;background_background&quot;:&quot;classic&quot;,&quot;_ha_eqh_enable&quot;:false}\">\n\t\t\t\t\t\t\t<div class=\"elementor-background-overlay\"><\/div>\n\t\t\t\t\t\t\t<div class=\"elementor-container elementor-column-gap-no\">\n\t\t\t\t\t<div class=\"elementor-column elementor-col-100 elementor-top-column elementor-element elementor-element-6f742dbd\" data-id=\"6f742dbd\" data-element_type=\"column\">\n\t\t\t<div class=\"elementor-widget-wrap elementor-element-populated\">\n\t\t\t\t\t\t<div class=\"elementor-element elementor-element-a64c6db h1 text-center light elementor-widget elementor-widget-heading\" data-id=\"a64c6db\" data-element_type=\"widget\" data-widget_type=\"heading.default\">\n\t\t\t\t<div class=\"elementor-widget-container\">\n\t\t\t\t\t<h2 class=\"elementor-heading-title elementor-size-default\">\u00c1rea privada Jurdo Cantabria<\/h2>\t\t\t\t<\/div>\n\t\t\t\t<\/div>\n\t\t\t\t<div class=\"elementor-element elementor-element-4645f1da elementor-widget elementor-widget-shortcode\" data-id=\"4645f1da\" data-element_type=\"widget\" data-widget_type=\"shortcode.default\">\n\t\t\t\t<div class=\"elementor-widget-container\">\n\t\t\t\t\t\t\t<div class=\"elementor-shortcode\"><\/div>\n\t\t\t\t\t\t<\/div>\n\t\t\t\t<\/div>\n\t\t\t\t<section class=\"elementor-section elementor-inner-section elementor-element elementor-element-6be8e33 elementor-section-boxed elementor-section-height-default elementor-section-height-default\" data-id=\"6be8e33\" data-element_type=\"section\" data-settings=\"{&quot;_ha_eqh_enable&quot;:false}\">\n\t\t\t\t\t\t<div class=\"elementor-container elementor-column-gap-default\">\n\t\t\t\t\t<div class=\"elementor-column elementor-col-33 elementor-inner-column elementor-element elementor-element-640a864\" data-id=\"640a864\" data-element_type=\"column\">\n\t\t\t<div class=\"elementor-widget-wrap\">\n\t\t\t\t\t\t\t<\/div>\n\t\t<\/div>\n\t\t\t\t<div class=\"elementor-column elementor-col-33 elementor-inner-column elementor-element elementor-element-6d03bfd\" data-id=\"6d03bfd\" data-element_type=\"column\">\n\t\t\t<div class=\"elementor-widget-wrap elementor-element-populated\">\n\t\t\t\t\t\t<div class=\"elementor-element elementor-element-6a22abd acceso-aprivada elementor-widget elementor-widget-login\" data-id=\"6a22abd\" data-element_type=\"widget\" id=\"login-dasic\" data-widget_type=\"login.default\">\n\t\t\t\t<div class=\"elementor-widget-container\">\n\t\t\t\t\t\t\t<form class=\"elementor-login elementor-form\" method=\"post\" action=\"https:\/\/www.comunidadentama.com\/pt-pt\/controlad25\/\" aria-label=\"Login form\">\n\t\t\t<input type=\"hidden\" name=\"redirect_to\" value=\"https:\/\/www.comunidadentama.com\/provincias\/cantabria\/\">\n\t\t\t<div class=\"elementor-form-fields-wrapper\">\n\t\t\t\t<div class=\"elementor-field-type-text elementor-field-group elementor-column elementor-col-100 elementor-field-required\">\n\t\t\t\t\t<label for=\"user-6a22abd\" class=\"elementor-field-label\">Nome de utilizador ou endere\u00e7o de e-mail<\/label>\n\t\t\t\t\t<input size=\"1\" type=\"text\" name=\"log\" id=\"user-6a22abd\" placeholder=\"\" class=\"elementor-field elementor-field-textual elementor-size-sm\">\n\t\t\t\t<\/div>\n\t\t\t\t<div class=\"elementor-field-type-text elementor-field-group elementor-column elementor-col-100 elementor-field-required\">\n\t\t\t\t\t<label for=\"password-6a22abd\" class=\"elementor-field-label\">Palavra-passe<\/label>\n\t\t\t\t\t<input size=\"1\" type=\"password\" name=\"pwd\" id=\"password-6a22abd\" placeholder=\"\" class=\"elementor-field elementor-field-textual elementor-size-sm\">\n\t\t\t\t<\/div>\n\n\t\t\t\t\n\t\t\t\t<div class=\"elementor-field-group elementor-column elementor-field-type-submit elementor-col-100\">\n\t\t\t\t\t<button type=\"submit\" class=\"elementor-size-sm elementor-button\" name=\"wp-submit\">\n\t\t\t\t\t\t\t\t\t\t\t\t\t\t\t<span class=\"elementor-button-text\">Acesso<\/span>\n\t\t\t\t\t\t\t\t\t\t\t\t<\/button>\n\t\t\t\t<\/div>\n\n\t\t\t\t\t\t\t<\/div>\n\t\t<\/form>\n\t\t\t\t\t\t<\/div>\n\t\t\t\t<\/div>\n\t\t\t\t\t<\/div>\n\t\t<\/div>\n\t\t\t\t<div class=\"elementor-column elementor-col-33 elementor-inner-column elementor-element elementor-element-3b8ab66\" data-id=\"3b8ab66\" data-element_type=\"column\">\n\t\t\t<div class=\"elementor-widget-wrap\">\n\t\t\t\t\t\t\t<\/div>\n\t\t<\/div>\n\t\t\t\t\t<\/div>\n\t\t<\/section>\n\t\t\t\t<div class=\"elementor-element elementor-element-47b9a98 elementor-widget elementor-widget-text-editor\" data-id=\"47b9a98\" data-element_type=\"widget\" data-widget_type=\"text-editor.default\">\n\t\t\t\t<div class=\"elementor-widget-container\">\n\t\t\t\t\t\t\t\t\t<p>Este s\u00edtio est\u00e1 protegido pelo reCaptcha da Google e aplicam-se a sua <a href=\"httpss:\/\/policies.google.com\/privacy?hl=pt\" target=\"_blank\" rel=\"noopener\">Pol\u00edtica de Privacidade<\/a> e <a href=\"httpss:\/\/policies.google.com\/terms?hl=pt\" target=\"_blank\" rel=\"noopener\">os Termos de Servi\u00e7o<\/a>.<\/p>\n\t\t\t\t\t\t\t\t<\/div>\n\t\t\t\t<\/div>\n\t\t\t\t\t<\/div>\n\t\t<\/div>\n\t\t\t\t\t<\/div>\n\t\t<\/section>\n\t\t\t\t<\/div>\n\t\t","protected":false},"excerpt":{"rendered":"<p>\u00c1rea privada Jurdo Cantabria Este s\u00edtio est\u00e1 protegido pelo reCaptcha da Google e aplicam-se a sua Pol\u00edtica de Privacidade e os Termos de Servi\u00e7o.<\/p>\n","protected":false},"author":1,"featured_media":10527,"parent":0,"menu_order":0,"comment_status":"closed","ping_status":"closed","template":"elementor_header_footer","meta":{"footnotes":""},"tipo_de_plantilla":[],"class_list":["post-11758","page","type-page","status-publish","has-post-thumbnail","hentry"],"acf":[],"yoast_head":"<!-- This site is optimized with the Yoast SEO plugin v26.5 - https:\/\/yoast.com\/wordpress\/plugins\/seo\/ -->\n<title>Cantabria | Entama | Programa de apoyo a emprendedores del entorno social y territorial de EDP<\/title>\n<meta name=\"description\" content=\"Cantabria\" \/>\n<meta name=\"robots\" content=\"index, follow, max-snippet:-1, max-image-preview:large, max-video-preview:-1\" \/>\n<link rel=\"canonical\" href=\"https:\/\/www.comunidadentama.com\/pt-pt\/cantabria\/\" \/>\n<meta property=\"og:locale\" content=\"pt_PT\" \/>\n<meta property=\"og:type\" content=\"article\" \/>\n<meta property=\"og:title\" content=\"Cantabria | Entama | Programa de apoyo a emprendedores del entorno social y territorial de EDP\" \/>\n<meta property=\"og:description\" content=\"Cantabria\" \/>\n<meta property=\"og:url\" content=\"https:\/\/www.comunidadentama.com\/pt-pt\/cantabria\/\" \/>\n<meta property=\"og:site_name\" content=\"Entama | Programa de apoyo a emprendedores del entorno social y territorial de EDP\" \/>\n<meta property=\"article:modified_time\" content=\"2025-02-05T07:42:23+00:00\" \/>\n<meta property=\"og:image\" content=\"https:\/\/www.comunidadentama.com\/wp-content\/uploads\/2023\/05\/Cabecera-Cantabria.jpg\" \/>\n\t<meta property=\"og:image:width\" content=\"1920\" \/>\n\t<meta property=\"og:image:height\" content=\"1080\" \/>\n\t<meta property=\"og:image:type\" content=\"image\/jpeg\" \/>\n<meta name=\"twitter:card\" content=\"summary_large_image\" \/>\n<script type=\"application\/ld+json\" class=\"yoast-schema-graph\">{\"@context\":\"https:\/\/schema.org\",\"@graph\":[{\"@type\":\"WebPage\",\"@id\":\"https:\/\/www.comunidadentama.com\/pt-pt\/cantabria\/\",\"url\":\"https:\/\/www.comunidadentama.com\/pt-pt\/cantabria\/\",\"name\":\"Cantabria | Entama | Programa de apoyo a emprendedores del entorno social y territorial de EDP\",\"isPartOf\":{\"@id\":\"https:\/\/www.comunidadentama.com\/pt-pt\/#website\"},\"primaryImageOfPage\":{\"@id\":\"https:\/\/www.comunidadentama.com\/pt-pt\/cantabria\/#primaryimage\"},\"image\":{\"@id\":\"https:\/\/www.comunidadentama.com\/pt-pt\/cantabria\/#primaryimage\"},\"thumbnailUrl\":\"https:\/\/www.comunidadentama.com\/wp-content\/uploads\/2023\/05\/Cabecera-Cantabria.jpg\",\"datePublished\":\"2022-04-11T10:22:41+00:00\",\"dateModified\":\"2025-02-05T07:42:23+00:00\",\"description\":\"Cantabria\",\"breadcrumb\":{\"@id\":\"https:\/\/www.comunidadentama.com\/pt-pt\/cantabria\/#breadcrumb\"},\"inLanguage\":\"pt-PT\",\"potentialAction\":[{\"@type\":\"ReadAction\",\"target\":[\"https:\/\/www.comunidadentama.com\/pt-pt\/cantabria\/\"]}]},{\"@type\":\"ImageObject\",\"inLanguage\":\"pt-PT\",\"@id\":\"https:\/\/www.comunidadentama.com\/pt-pt\/cantabria\/#primaryimage\",\"url\":\"https:\/\/www.comunidadentama.com\/wp-content\/uploads\/2023\/05\/Cabecera-Cantabria.jpg\",\"contentUrl\":\"https:\/\/www.comunidadentama.com\/wp-content\/uploads\/2023\/05\/Cabecera-Cantabria.jpg\",\"width\":1920,\"height\":1080},{\"@type\":\"BreadcrumbList\",\"@id\":\"https:\/\/www.comunidadentama.com\/pt-pt\/cantabria\/#breadcrumb\",\"itemListElement\":[{\"@type\":\"ListItem\",\"position\":1,\"name\":\"Portada\",\"item\":\"https:\/\/www.comunidadentama.com\/pt-pt\/\"},{\"@type\":\"ListItem\",\"position\":2,\"name\":\"Cantabria\"}]},{\"@type\":\"WebSite\",\"@id\":\"https:\/\/www.comunidadentama.com\/pt-pt\/#website\",\"url\":\"https:\/\/www.comunidadentama.com\/pt-pt\/\",\"name\":\"Entama | Programa de apoyo a emprendedores del entorno social y territorial de EDP\",\"description\":\"\",\"publisher\":{\"@id\":\"https:\/\/www.comunidadentama.com\/pt-pt\/#organization\"},\"potentialAction\":[{\"@type\":\"SearchAction\",\"target\":{\"@type\":\"EntryPoint\",\"urlTemplate\":\"https:\/\/www.comunidadentama.com\/pt-pt\/?s={search_term_string}\"},\"query-input\":{\"@type\":\"PropertyValueSpecification\",\"valueRequired\":true,\"valueName\":\"search_term_string\"}}],\"inLanguage\":\"pt-PT\"},{\"@type\":\"Organization\",\"@id\":\"https:\/\/www.comunidadentama.com\/pt-pt\/#organization\",\"name\":\"Entama Ayudas para el emprendimiento rural | EDP\",\"url\":\"https:\/\/www.comunidadentama.com\/pt-pt\/\",\"logo\":{\"@type\":\"ImageObject\",\"inLanguage\":\"pt-PT\",\"@id\":\"https:\/\/www.comunidadentama.com\/pt-pt\/#\/schema\/logo\/image\/\",\"url\":\"https:\/\/www.comunidadentama.com\/wp-content\/uploads\/2023\/06\/logo-email.png\",\"contentUrl\":\"https:\/\/www.comunidadentama.com\/wp-content\/uploads\/2023\/06\/logo-email.png\",\"width\":949,\"height\":202,\"caption\":\"Entama Ayudas para el emprendimiento rural | EDP\"},\"image\":{\"@id\":\"https:\/\/www.comunidadentama.com\/pt-pt\/#\/schema\/logo\/image\/\"}}]}<\/script>\n<!-- \/ Yoast SEO plugin. -->","yoast_head_json":{"title":"Cantabria | Entama | Programa de apoyo a emprendedores del entorno social y territorial de EDP","description":"Cantabria","robots":{"index":"index","follow":"follow","max-snippet":"max-snippet:-1","max-image-preview":"max-image-preview:large","max-video-preview":"max-video-preview:-1"},"canonical":"https:\/\/www.comunidadentama.com\/pt-pt\/cantabria\/","og_locale":"pt_PT","og_type":"article","og_title":"Cantabria | Entama | Programa de apoyo a emprendedores del entorno social y territorial de EDP","og_description":"Cantabria","og_url":"https:\/\/www.comunidadentama.com\/pt-pt\/cantabria\/","og_site_name":"Entama | Programa de apoyo a emprendedores del entorno social y territorial de EDP","article_modified_time":"2025-02-05T07:42:23+00:00","og_image":[{"width":1920,"height":1080,"url":"https:\/\/www.comunidadentama.com\/wp-content\/uploads\/2023\/05\/Cabecera-Cantabria.jpg","type":"image\/jpeg"}],"twitter_card":"summary_large_image","schema":{"@context":"https:\/\/schema.org","@graph":[{"@type":"WebPage","@id":"https:\/\/www.comunidadentama.com\/pt-pt\/cantabria\/","url":"https:\/\/www.comunidadentama.com\/pt-pt\/cantabria\/","name":"Cantabria | Entama | Programa de apoyo a emprendedores del entorno social y territorial de EDP","isPartOf":{"@id":"https:\/\/www.comunidadentama.com\/pt-pt\/#website"},"primaryImageOfPage":{"@id":"https:\/\/www.comunidadentama.com\/pt-pt\/cantabria\/#primaryimage"},"image":{"@id":"https:\/\/www.comunidadentama.com\/pt-pt\/cantabria\/#primaryimage"},"thumbnailUrl":"https:\/\/www.comunidadentama.com\/wp-content\/uploads\/2023\/05\/Cabecera-Cantabria.jpg","datePublished":"2022-04-11T10:22:41+00:00","dateModified":"2025-02-05T07:42:23+00:00","description":"Cantabria","breadcrumb":{"@id":"https:\/\/www.comunidadentama.com\/pt-pt\/cantabria\/#breadcrumb"},"inLanguage":"pt-PT","potentialAction":[{"@type":"ReadAction","target":["https:\/\/www.comunidadentama.com\/pt-pt\/cantabria\/"]}]},{"@type":"ImageObject","inLanguage":"pt-PT","@id":"https:\/\/www.comunidadentama.com\/pt-pt\/cantabria\/#primaryimage","url":"https:\/\/www.comunidadentama.com\/wp-content\/uploads\/2023\/05\/Cabecera-Cantabria.jpg","contentUrl":"https:\/\/www.comunidadentama.com\/wp-content\/uploads\/2023\/05\/Cabecera-Cantabria.jpg","width":1920,"height":1080},{"@type":"BreadcrumbList","@id":"https:\/\/www.comunidadentama.com\/pt-pt\/cantabria\/#breadcrumb","itemListElement":[{"@type":"ListItem","position":1,"name":"Portada","item":"https:\/\/www.comunidadentama.com\/pt-pt\/"},{"@type":"ListItem","position":2,"name":"Cantabria"}]},{"@type":"WebSite","@id":"https:\/\/www.comunidadentama.com\/pt-pt\/#website","url":"https:\/\/www.comunidadentama.com\/pt-pt\/","name":"Entama | Programa de apoyo a emprendedores del entorno social y territorial de EDP","description":"","publisher":{"@id":"https:\/\/www.comunidadentama.com\/pt-pt\/#organization"},"potentialAction":[{"@type":"SearchAction","target":{"@type":"EntryPoint","urlTemplate":"https:\/\/www.comunidadentama.com\/pt-pt\/?s={search_term_string}"},"query-input":{"@type":"PropertyValueSpecification","valueRequired":true,"valueName":"search_term_string"}}],"inLanguage":"pt-PT"},{"@type":"Organization","@id":"https:\/\/www.comunidadentama.com\/pt-pt\/#organization","name":"Entama Ayudas para el emprendimiento rural | EDP","url":"https:\/\/www.comunidadentama.com\/pt-pt\/","logo":{"@type":"ImageObject","inLanguage":"pt-PT","@id":"https:\/\/www.comunidadentama.com\/pt-pt\/#\/schema\/logo\/image\/","url":"https:\/\/www.comunidadentama.com\/wp-content\/uploads\/2023\/06\/logo-email.png","contentUrl":"https:\/\/www.comunidadentama.com\/wp-content\/uploads\/2023\/06\/logo-email.png","width":949,"height":202,"caption":"Entama Ayudas para el emprendimiento rural | EDP"},"image":{"@id":"https:\/\/www.comunidadentama.com\/pt-pt\/#\/schema\/logo\/image\/"}}]}},"_links":{"self":[{"href":"https:\/\/www.comunidadentama.com\/pt-pt\/wp-json\/wp\/v2\/pages\/11758","targetHints":{"allow":["GET"]}}],"collection":[{"href":"https:\/\/www.comunidadentama.com\/pt-pt\/wp-json\/wp\/v2\/pages"}],"about":[{"href":"https:\/\/www.comunidadentama.com\/pt-pt\/wp-json\/wp\/v2\/types\/page"}],"author":[{"embeddable":true,"href":"https:\/\/www.comunidadentama.com\/pt-pt\/wp-json\/wp\/v2\/users\/1"}],"replies":[{"embeddable":true,"href":"https:\/\/www.comunidadentama.com\/pt-pt\/wp-json\/wp\/v2\/comments?post=11758"}],"version-history":[{"count":1,"href":"https:\/\/www.comunidadentama.com\/pt-pt\/wp-json\/wp\/v2\/pages\/11758\/revisions"}],"predecessor-version":[{"id":11759,"href":"https:\/\/www.comunidadentama.com\/pt-pt\/wp-json\/wp\/v2\/pages\/11758\/revisions\/11759"}],"wp:featuredmedia":[{"embeddable":true,"href":"https:\/\/www.comunidadentama.com\/pt-pt\/wp-json\/wp\/v2\/media\/10527"}],"wp:attachment":[{"href":"https:\/\/www.comunidadentama.com\/pt-pt\/wp-json\/wp\/v2\/media?parent=11758"}],"wp:term":[{"taxonomy":"tipo_de_plantilla","embeddable":true,"href":"https:\/\/www.comunidadentama.com\/pt-pt\/wp-json\/wp\/v2\/tipo_de_plantilla?post=11758"}],"curies":[{"name":"wp","href":"https:\/\/api.w.org\/{rel}","templated":true}]}}