{"id":11754,"date":"2021-07-14T09:59:42","date_gmt":"2021-07-14T07:59:42","guid":{"rendered":"https:\/\/www.comunidadentama.com\/regras-de-participacao\/"},"modified":"2026-04-27T12:03:32","modified_gmt":"2026-04-27T10:03:32","slug":"regras-de-participacao","status":"publish","type":"page","link":"https:\/\/www.comunidadentama.com\/pt-pt\/regras-de-participacao\/","title":{"rendered":"Regras de participa\u00e7\u00e3o"},"content":{"rendered":"\t\t<div data-elementor-type=\"wp-page\" data-elementor-id=\"11754\" class=\"elementor elementor-11754 elementor-833\" data-elementor-settings=\"{&quot;ha_cmc_init_switcher&quot;:&quot;no&quot;}\" data-elementor-post-type=\"page\">\n\t\t\t\t\t\t<section class=\"elementor-section elementor-top-section elementor-element elementor-element-54cd9750 elementor-section-height-min-height elementor-section-content-top elementor-section-items-top elementor-section-boxed elementor-section-height-default\" data-id=\"54cd9750\" data-element_type=\"section\" data-settings=\"{&quot;background_background&quot;:&quot;classic&quot;,&quot;_ha_eqh_enable&quot;:false}\">\n\t\t\t\t\t\t\t<div class=\"elementor-background-overlay\"><\/div>\n\t\t\t\t\t\t\t<div class=\"elementor-container elementor-column-gap-no\">\n\t\t\t\t\t<div class=\"elementor-column elementor-col-100 elementor-top-column elementor-element elementor-element-3b3bc278\" data-id=\"3b3bc278\" data-element_type=\"column\">\n\t\t\t<div class=\"elementor-widget-wrap elementor-element-populated\">\n\t\t\t\t<!-- dce invisible element 7c42e3fd -->\t\t\t<\/div>\n\t\t<\/div>\n\t\t\t\t\t<\/div>\n\t\t<\/section>\n\t\t\t\t<div class=\"elementor-section elementor-top-section elementor-element elementor-element-75abb218 elementor-section-content-top elementor-section-boxed elementor-section-height-default elementor-section-height-default\" data-id=\"75abb218\" data-element_type=\"section\" id=\"contenedor-zona-descargas\" data-settings=\"{&quot;background_background&quot;:&quot;classic&quot;,&quot;_ha_eqh_enable&quot;:false}\">\n\t\t\t\t\t\t<div class=\"elementor-container elementor-column-gap-default\">\n\t\t\t\t\t<div class=\"elementor-column elementor-col-100 elementor-top-column elementor-element elementor-element-7fc79c86\" data-id=\"7fc79c86\" data-element_type=\"column\" id=\"columna-contenido-zona-descargas\" data-settings=\"{&quot;background_background&quot;:&quot;classic&quot;}\">\n\t\t\t<div class=\"elementor-widget-wrap elementor-element-populated\">\n\t\t\t\t\t\t<div class=\"elementor-element elementor-element-31acbfa mt-none m-none title-underline elementor-widget elementor-widget-heading\" data-id=\"31acbfa\" data-element_type=\"widget\" data-widget_type=\"heading.default\">\n\t\t\t\t<div class=\"elementor-widget-container\">\n\t\t\t\t\t<p class=\"elementor-heading-title elementor-size-default\">ENTAMA 2026: um programa para impulsionar o desenvolvimento local ib\u00e9rico<\/p>\t\t\t\t<\/div>\n\t\t\t\t<\/div>\n\t\t\t\t<div class=\"elementor-element elementor-element-11ad104 elementor-widget elementor-widget-text-editor\" data-id=\"11ad104\" data-element_type=\"widget\" data-widget_type=\"text-editor.default\">\n\t\t\t\t<div class=\"elementor-widget-container\">\n\t\t\t\t\t\t\t\t\t<p><strong>2026 marca um marco importante na evolu\u00e7\u00e3o da ENTAMA. <\/strong><\/p><p>Ap\u00f3s v\u00e1rios anos de crescimento e aprendizagem, o programa consolida-se como uma iniciativa ib\u00e9rica, totalmente integrada na estrat\u00e9gia de Community Engagement da EDP em Portugal e Espanha, com o objetivo de continuar a impulsionar projetos empreendedores com impacto socioecon\u00f3mico e potencial de cria\u00e7\u00e3o de emprego nos territ\u00f3rios onde a empresa est\u00e1 presente.<\/p><p>Em 2026, a ENTAMA refor\u00e7a a sua voca\u00e7\u00e3o de proximidade com as comunidades locais, acompanhando empreendedores e PME do territ\u00f3rio no desenvolvimento de iniciativas que contribuam para uma transi\u00e7\u00e3o energ\u00e9tica justa, inclusiva e geradora de oportunidades.<\/p><p><strong>Um programa aberto todo o ano, com convocat\u00f3rias por territ\u00f3rio<\/strong><\/p><p>Como novidade destacada, a ENTAMA permanecer\u00e1 aberta durante todo o ano, articulando-se atrav\u00e9s de convocat\u00f3rias espec\u00edficas por zonas geogr\u00e1ficas, alinhadas com os territ\u00f3rios priorit\u00e1rios de atua\u00e7\u00e3o da EDP e os seus projetos energ\u00e9ticos.<\/p><p>\u00a0<\/p><p><strong>Mar\u00e7o de 2026 | Espanha: Ast\u00farias e C\u00e1diz<\/strong><\/p><p>O calend\u00e1rio de 2026 come\u00e7a em mar\u00e7o na Espanha, com convocat\u00f3rias nas Ast\u00farias e em C\u00e1diz, mantendo o enfoque territorial das edi\u00e7\u00f5es anteriores.<\/p><ul><li><strong>Ast\u00farias<\/strong><\/li><\/ul><p style=\"padding-left: 40px;\">Ser\u00e3o priorizados os mesmos munic\u00edpios definidos em convocat\u00f3rias anteriores:<\/p><p style=\"padding-left: 40px;\">&#8211; Munic\u00edpios inclu\u00eddos no Acordo de Transi\u00e7\u00e3o Justa Caudal\u2013Abo\u00f1o<\/p><p style=\"padding-left: 40px;\">&#8211; Munic\u00edpios com centrais hidr\u00e1ulicas da EDP.<\/p><p style=\"padding-left: 40px;\">&#8211; Munic\u00edpios do Acordo de Transi\u00e7\u00e3o Justa do Sudoeste asturiano.<\/p><ul><li><strong>C\u00e1diz<\/strong><\/li><\/ul><p style=\"padding-left: 40px;\">A convocat\u00f3ria centrar-se-\u00e1 nos munic\u00edpios do Acordo de Transi\u00e7\u00e3o Justa Los Barrios\u2013Campo de Gibraltar.<\/p><p><strong>Maio\u2013junho de 2026 | Portugal: regi\u00e3o do Tejo<\/strong><\/p><p>Durante os meses de maio e junho, a ENTAMA chegar\u00e1 a Portugal, com uma convocat\u00f3ria na regi\u00e3o do Tejo, dirigida a munic\u00edpios com:<\/p><ul><li>ativos hidr\u00e1ulicos da EDP<\/li><li>outros projetos renov\u00e1veis em opera\u00e7\u00e3o ou desenvolvimento<\/li><\/ul><p>Esta fase refor\u00e7a a dimens\u00e3o ib\u00e9rica do programa e o compromisso da EDP com o desenvolvimento local nos territ\u00f3rios portugueses onde opera.<\/p><p><strong>Setembro\u2013outubro de 2026 | Novas zonas em Portugal e Espanha<\/strong><\/p><p>Na reta final do ano, setembro e outubro, a ENTAMA abrir\u00e1 novos convites em:<\/p><ul><li>Zonas de Portugal e Espanha com projetos renov\u00e1veis<\/li><li>Munic\u00edpios com projetos relevantes de distribui\u00e7\u00e3o el\u00e9trica em Espanha<\/li><\/ul><p>Estas convocat\u00f3rias permitir\u00e3o alargar o \u00e2mbito do programa a novos territ\u00f3rios e continuar a detetar iniciativas com potencial transformador.<\/p><p><strong>Em 2026, a ENTAMA continua a avan\u00e7ar em Espanha e Portugal.<\/strong><\/p><p>Se tem um projeto empreendedor em algum dos territ\u00f3rios onde a EDP est\u00e1 presente, fique atento \u00e0s pr\u00f3ximas convocat\u00f3rias e envie-nos a sua candidatura. Juntos, continuamos a construir o futuro.<\/p>\t\t\t\t\t\t\t\t<\/div>\n\t\t\t\t<\/div>\n\t\t\t\t<div class=\"elementor-element elementor-element-f1287c8 elementor-hidden-desktop elementor-hidden-tablet elementor-hidden-mobile elementor-widget elementor-widget-button\" data-id=\"f1287c8\" data-element_type=\"widget\" data-widget_type=\"button.default\">\n\t\t\t\t<div class=\"elementor-widget-container\">\n\t\t\t\t\t\t\t\t\t<div class=\"elementor-button-wrapper\">\n\t\t\t\t\t<a class=\"elementor-button elementor-button-link elementor-size-sm\" href=\"https:\/\/www.comunidadentama.com\/pt-pt\/registro\/\">\n\t\t\t\t\t\t<span class=\"elementor-button-content-wrapper\">\n\t\t\t\t\t\t\t\t\t<span class=\"elementor-button-text\">Inscreva-se<\/span>\n\t\t\t\t\t<\/span>\n\t\t\t\t\t<\/a>\n\t\t\t\t<\/div>\n\t\t\t\t\t\t\t\t<\/div>\n\t\t\t\t<\/div>\n\t\t\t\t<div class=\"elementor-element elementor-element-1219f56 elementor-hidden-desktop elementor-hidden-tablet elementor-hidden-mobile elementor-widget elementor-widget-text-editor\" data-id=\"1219f56\" data-element_type=\"widget\" data-widget_type=\"text-editor.default\">\n\t\t\t\t<div class=\"elementor-widget-container\">\n\t\t\t\t\t\t\t\t\t<p><a href=\"https:\/\/www.comunidadentama.com\/pt-pt\/registro\/\"><strong>Clique neste link e atreva-se a fazer parte da fam\u00edlia entamadora!<\/strong><\/a><\/p>\n\t\t\t\t\t\t\t\t<\/div>\n\t\t\t\t<\/div>\n\t\t\t\t<div class=\"elementor-element elementor-element-9bf9ed5 m-none  elementor-hidden-desktop elementor-hidden-tablet elementor-hidden-mobile elementor-widget elementor-widget-text-editor\" data-id=\"9bf9ed5\" data-element_type=\"widget\" data-widget_type=\"text-editor.default\">\n\t\t\t\t<div class=\"elementor-widget-container\">\n\t\t\t\t\t\t\t\t\t<p><b>As regras da nova edi\u00e7\u00e3o do nosso programa j\u00e1 est\u00e3o dispon\u00edveis!<\/b><\/p>\n\t\t\t\t\t\t\t\t<\/div>\n\t\t\t\t<\/div>\n\t\t\t\t<div class=\"elementor-section elementor-inner-section elementor-element elementor-element-b0aa797 elementor-section-content-middle elementor-section-height-min-height elementor-section-boxed elementor-section-height-default\" data-id=\"b0aa797\" data-element_type=\"section\" data-settings=\"{&quot;background_background&quot;:&quot;classic&quot;,&quot;_ha_eqh_enable&quot;:false}\">\n\t\t\t\t\t\t<div class=\"elementor-container elementor-column-gap-default\">\n\t\t\t\t\t<div data-ha-element-link=\"{&quot;url&quot;:&quot;https:\\\/\\\/www.comunidadentama.com\\\/wp-content\\\/uploads\\\/2026\\\/03\\\/Bases-Programa-Entama-marco2026PT.pdf&quot;,&quot;is_external&quot;:&quot;on&quot;,&quot;nofollow&quot;:&quot;&quot;}\" style=\"cursor: pointer\" class=\"elementor-column elementor-col-100 elementor-inner-column elementor-element elementor-element-347ba7d link-box\" data-id=\"347ba7d\" data-element_type=\"column\" data-settings=\"{&quot;background_background&quot;:&quot;classic&quot;}\">\n\t\t\t<div class=\"elementor-widget-wrap elementor-element-populated\">\n\t\t\t\t\t\t<div data-ha-element-link=\"{&quot;url&quot;:&quot;https:\\\/\\\/www.comunidadentama.com\\\/wp-content\\\/uploads\\\/2026\\\/03\\\/Bases-Programa-Entama-marco2026PT.pdf&quot;,&quot;is_external&quot;:&quot;on&quot;,&quot;nofollow&quot;:&quot;&quot;}\" style=\"cursor: pointer\" class=\"elementor-element elementor-element-fbd2b0f m-none mt-none icon-chevron elementor-view-default elementor-widget elementor-widget-icon\" data-id=\"fbd2b0f\" data-element_type=\"widget\" data-widget_type=\"icon.default\">\n\t\t\t\t<div class=\"elementor-widget-container\">\n\t\t\t\t\t\t\t<div class=\"elementor-icon-wrapper\">\n\t\t\t<a class=\"elementor-icon elementor-animation-pulse\" href=\"https:\/\/www.comunidadentama.com\/wp-content\/uploads\/2026\/03\/Bases-Programa-Entama-marco2026PT.pdf\" target=\"_blank\">\n\t\t\t<svg aria-hidden=\"true\" class=\"e-font-icon-svg e-fas-chevron-right\" viewBox=\"0 0 320 512\" xmlns=\"http:\/\/www.w3.org\/2000\/svg\"><path d=\"M285.476 272.971L91.132 467.314c-9.373 9.373-24.569 9.373-33.941 0l-22.667-22.667c-9.357-9.357-9.375-24.522-.04-33.901L188.505 256 34.484 101.255c-9.335-9.379-9.317-24.544.04-33.901l22.667-22.667c9.373-9.373 24.569-9.373 33.941 0L285.475 239.03c9.373 9.372 9.373 24.568.001 33.941z\"><\/path><\/svg>\t\t\t<\/a>\n\t\t<\/div>\n\t\t\t\t\t\t<\/div>\n\t\t\t\t<\/div>\n\t\t\t\t<div class=\"elementor-element elementor-element-25c8b14 elementor-widget elementor-widget-icon-box\" data-id=\"25c8b14\" data-element_type=\"widget\" data-widget_type=\"icon-box.default\">\n\t\t\t\t<div class=\"elementor-widget-container\">\n\t\t\t\t\t\t\t<div class=\"elementor-icon-box-wrapper\">\n\n\t\t\t\n\t\t\t\t\t\t<div class=\"elementor-icon-box-content\">\n\n\t\t\t\t\t\t\t\t\t<div class=\"elementor-icon-box-title\">\n\t\t\t\t\t\t<a href=\"https:\/\/www.comunidadentama.com\/wp-content\/uploads\/2026\/03\/Bases-Programa-Entama-marco2026PT.pdf\" >\n\t\t\t\t\t\t\tDESCARREGAR<br>BASES DE PARTICIPA\u00c7\u00c3O\t\t\t\t\t\t<\/a>\n\t\t\t\t\t<\/div>\n\t\t\t\t\n\t\t\t\t\n\t\t\t<\/div>\n\t\t\t\n\t\t<\/div>\n\t\t\t\t\t\t<\/div>\n\t\t\t\t<\/div>\n\t\t\t\t\t<\/div>\n\t\t<\/div>\n\t\t\t\t\t<\/div>\n\t\t<\/div>\n\t\t\t\t<div class=\"elementor-element elementor-element-518ce0e elementor-widget elementor-widget-text-editor\" data-id=\"518ce0e\" data-element_type=\"widget\" data-widget_type=\"text-editor.default\">\n\t\t\t\t<div class=\"elementor-widget-container\">\n\t\t\t\t\t\t\t\t\t<p data-renderer-start-pos=\"6146\">\u00a0<\/p><p data-renderer-start-pos=\"6459\"><em>Se tiver problemas com o envio da sua candidatura, pode escrever-nos para <a class=\"_mizu194a _1ah3dkaa _ra3xnqa1 _128mdkaa _1cvmnqa1 _4davt94y _ymio1r31 _ypr0glyw _zcxs1o36 _4bfu18uv _1hms8stv _ajmmnqa1 _vchhusvi _kqswh2mm _syaz14q2 _ect41gqc _1a3b18uv _4fpr8stv _5goinqa1 _f8pj14q2 _9oik18uv _1bnxglyw _jf4cnqa1 _30l314q2 _1nrm18uv _c2waglyw _1iohnqa1 _9h8h16c2 _1053w7te _1ienw7te _n0fxw7te _1vhvg3x0\" title=\"mailto:stakeholders.iberia@edp.com\" href=\"mailto:stakeholders.iberia@edp.com\" data-renderer-mark=\"true\"><u data-renderer-mark=\"true\">stakeholders.iberia@edp.com<\/u><\/a>. Estamos aqui para o ajudar.<\/em><\/p><p class=\"MsoNormal\" style=\"text-align: justify;\"><strong>Ap\u00f3s o prazo de submiss\u00e3o, 24 de abril, n\u00e3o ser\u00e3o mais aceitas candidaturas para esta convocat\u00f3ria.<\/strong><\/p>\t\t\t\t\t\t\t\t<\/div>\n\t\t\t\t<\/div>\n\t\t\t\t<div class=\"elementor-element elementor-element-c59fc51 elementor-widget-divider--view-line elementor-widget elementor-widget-divider\" data-id=\"c59fc51\" data-element_type=\"widget\" data-widget_type=\"divider.default\">\n\t\t\t\t<div class=\"elementor-widget-container\">\n\t\t\t\t\t\t\t<div class=\"elementor-divider\">\n\t\t\t<span class=\"elementor-divider-separator\">\n\t\t\t\t\t\t<\/span>\n\t\t<\/div>\n\t\t\t\t\t\t<\/div>\n\t\t\t\t<\/div>\n\t\t\t\t<div class=\"elementor-element elementor-element-6ed4503 elementor-widget elementor-widget-text-editor\" data-id=\"6ed4503\" data-element_type=\"widget\" data-widget_type=\"text-editor.default\">\n\t\t\t\t<div class=\"elementor-widget-container\">\n\t\t\t\t\t\t\t\t\t<p><span style=\"text-decoration: underline;\"><strong>ENTAMA 2025: um ano fundamental para o crescimento conjunto<\/strong><\/span><\/p><p>O ano de 2025 representou um ponto de inflex\u00e3o para a ENTAMA, ao tornar-se um programa desenvolvido de forma coordenada em Espanha e Portugal.<\/p><p>Durante os meses de maio e junho de 2025, realizou-se uma primeira convocat\u00f3ria no Ger\u00eas, Ast\u00farias e C\u00e1dis, marcando a 1.\u00aa edi\u00e7\u00e3o da ENTAMA em Portugal juntamente com a 6.\u00aa edi\u00e7\u00e3o em Espanha.<\/p><p>Desta primeira fase surgiram 17 novos projetos \u201centamadores\u201d: 6 em Ger\u00eas , 7 nas Ast\u00farias e 4 em C\u00e1diz, ap\u00f3s receber mais de 40 candidaturas.<\/p><p>Em setembro de 2025, a ENTAMA lan\u00e7ou uma segunda convocat\u00f3ria conjunta em Espanha e Portugal, alargando o seu alcance a novas zonas.<\/p><p>Esta segunda fase encerrou com 48 candidaturas em avalia\u00e7\u00e3o, analisadas por um j\u00fari multidisciplinar da EDP, que resultaram em 16 novos projetos \u201centamadores\u201d: 6 projetos em munic\u00edpios da regi\u00e3o do Douro portugu\u00eas, 4 projetos selecionados em Burgos, 4 na Cant\u00e1bria e 2 em Lugo.<\/p><p>Gra\u00e7as a todas estas incorpora\u00e7\u00f5es em 2025, a ENTAMA atinge um total de 89 projetos apoiados, com um investimento acumulado de 875.000 euros e um impacto estimado de 400 empregos criados (agregados numa base anual).<\/p><p data-renderer-start-pos=\"6146\"><br \/><br \/><\/p>\t\t\t\t\t\t\t\t<\/div>\n\t\t\t\t<\/div>\n\t\t\t\t\t<\/div>\n\t\t<\/div>\n\t\t\t\t\t<\/div>\n\t\t<\/div>\n\t\t\t\t<section class=\"elementor-section elementor-top-section elementor-element elementor-element-1fa1def elementor-section-boxed elementor-section-height-default elementor-section-height-default\" data-id=\"1fa1def\" data-element_type=\"section\" data-settings=\"{&quot;_ha_eqh_enable&quot;:false}\">\n\t\t\t\t\t\t<div class=\"elementor-container elementor-column-gap-default\">\n\t\t\t\t\t<div class=\"elementor-column elementor-col-100 elementor-top-column elementor-element elementor-element-42edf46\" data-id=\"42edf46\" data-element_type=\"column\">\n\t\t\t<div class=\"elementor-widget-wrap\">\n\t\t\t\t\t\t\t<\/div>\n\t\t<\/div>\n\t\t\t\t\t<\/div>\n\t\t<\/section>\n\t\t\t\t<\/div>\n\t\t","protected":false},"excerpt":{"rendered":"<p>ENTAMA 2026: um programa para impulsionar o desenvolvimento local ib\u00e9rico 2026 marca um marco importante na evolu\u00e7\u00e3o da ENTAMA. Ap\u00f3s v\u00e1rios anos de crescimento e aprendizagem, o programa consolida-se como uma iniciativa ib\u00e9rica, totalmente integrada na estrat\u00e9gia de Community Engagement da EDP em Portugal e Espanha, com o objetivo de continuar a impulsionar projetos empreendedores [&hellip;]<\/p>\n","protected":false},"author":1,"featured_media":10531,"parent":0,"menu_order":0,"comment_status":"closed","ping_status":"closed","template":"elementor_header_footer","meta":{"footnotes":""},"tipo_de_plantilla":[],"class_list":["post-11754","page","type-page","status-publish","has-post-thumbnail","hentry"],"acf":[],"yoast_head":"<!-- This site is optimized with the Yoast SEO plugin v26.5 - https:\/\/yoast.com\/wordpress\/plugins\/seo\/ -->\n<title>Regras de participa\u00e7\u00e3o | Entama | Programa de apoyo a emprendedores del entorno social y territorial de EDP<\/title>\n<meta name=\"description\" content=\"Regras de participa\u00e7\u00e3o\" \/>\n<meta name=\"robots\" content=\"index, follow, max-snippet:-1, max-image-preview:large, max-video-preview:-1\" \/>\n<link rel=\"canonical\" href=\"https:\/\/www.comunidadentama.com\/pt-pt\/regras-de-participacao\/\" \/>\n<meta property=\"og:locale\" content=\"pt_PT\" \/>\n<meta property=\"og:type\" content=\"article\" \/>\n<meta property=\"og:title\" content=\"Regras de participa\u00e7\u00e3o | Entama | Programa de apoyo a emprendedores del entorno social y territorial de EDP\" \/>\n<meta property=\"og:description\" content=\"Regras de participa\u00e7\u00e3o\" \/>\n<meta property=\"og:url\" content=\"https:\/\/www.comunidadentama.com\/pt-pt\/regras-de-participacao\/\" \/>\n<meta property=\"og:site_name\" content=\"Entama | Programa de apoyo a emprendedores del entorno social y territorial de EDP\" \/>\n<meta property=\"article:modified_time\" content=\"2026-04-27T10:03:32+00:00\" \/>\n<meta property=\"og:image\" content=\"https:\/\/www.comunidadentama.com\/wp-content\/uploads\/2023\/05\/envio-candidaturas.jpg\" \/>\n\t<meta property=\"og:image:width\" content=\"1920\" \/>\n\t<meta property=\"og:image:height\" content=\"1080\" \/>\n\t<meta property=\"og:image:type\" content=\"image\/jpeg\" \/>\n<meta name=\"twitter:card\" content=\"summary_large_image\" \/>\n<meta name=\"twitter:label1\" content=\"Tempo estimado de leitura\" \/>\n\t<meta name=\"twitter:data1\" content=\"4 minutos\" \/>\n<script type=\"application\/ld+json\" class=\"yoast-schema-graph\">{\"@context\":\"https:\/\/schema.org\",\"@graph\":[{\"@type\":\"WebPage\",\"@id\":\"https:\/\/www.comunidadentama.com\/pt-pt\/regras-de-participacao\/\",\"url\":\"https:\/\/www.comunidadentama.com\/pt-pt\/regras-de-participacao\/\",\"name\":\"Regras de participa\u00e7\u00e3o | Entama | Programa de apoyo a emprendedores del entorno social y territorial de EDP\",\"isPartOf\":{\"@id\":\"https:\/\/www.comunidadentama.com\/pt-pt\/#website\"},\"primaryImageOfPage\":{\"@id\":\"https:\/\/www.comunidadentama.com\/pt-pt\/regras-de-participacao\/#primaryimage\"},\"image\":{\"@id\":\"https:\/\/www.comunidadentama.com\/pt-pt\/regras-de-participacao\/#primaryimage\"},\"thumbnailUrl\":\"https:\/\/www.comunidadentama.com\/wp-content\/uploads\/2023\/05\/envio-candidaturas.jpg\",\"datePublished\":\"2021-07-14T07:59:42+00:00\",\"dateModified\":\"2026-04-27T10:03:32+00:00\",\"description\":\"Regras de participa\u00e7\u00e3o\",\"breadcrumb\":{\"@id\":\"https:\/\/www.comunidadentama.com\/pt-pt\/regras-de-participacao\/#breadcrumb\"},\"inLanguage\":\"pt-PT\",\"potentialAction\":[{\"@type\":\"ReadAction\",\"target\":[\"https:\/\/www.comunidadentama.com\/pt-pt\/regras-de-participacao\/\"]}]},{\"@type\":\"ImageObject\",\"inLanguage\":\"pt-PT\",\"@id\":\"https:\/\/www.comunidadentama.com\/pt-pt\/regras-de-participacao\/#primaryimage\",\"url\":\"https:\/\/www.comunidadentama.com\/wp-content\/uploads\/2023\/05\/envio-candidaturas.jpg\",\"contentUrl\":\"https:\/\/www.comunidadentama.com\/wp-content\/uploads\/2023\/05\/envio-candidaturas.jpg\",\"width\":1920,\"height\":1080},{\"@type\":\"BreadcrumbList\",\"@id\":\"https:\/\/www.comunidadentama.com\/pt-pt\/regras-de-participacao\/#breadcrumb\",\"itemListElement\":[{\"@type\":\"ListItem\",\"position\":1,\"name\":\"Portada\",\"item\":\"https:\/\/www.comunidadentama.com\/pt-pt\/\"},{\"@type\":\"ListItem\",\"position\":2,\"name\":\"Regras de participa\u00e7\u00e3o\"}]},{\"@type\":\"WebSite\",\"@id\":\"https:\/\/www.comunidadentama.com\/pt-pt\/#website\",\"url\":\"https:\/\/www.comunidadentama.com\/pt-pt\/\",\"name\":\"Entama | Programa de apoyo a emprendedores del entorno social y territorial de EDP\",\"description\":\"\",\"publisher\":{\"@id\":\"https:\/\/www.comunidadentama.com\/pt-pt\/#organization\"},\"potentialAction\":[{\"@type\":\"SearchAction\",\"target\":{\"@type\":\"EntryPoint\",\"urlTemplate\":\"https:\/\/www.comunidadentama.com\/pt-pt\/?s={search_term_string}\"},\"query-input\":{\"@type\":\"PropertyValueSpecification\",\"valueRequired\":true,\"valueName\":\"search_term_string\"}}],\"inLanguage\":\"pt-PT\"},{\"@type\":\"Organization\",\"@id\":\"https:\/\/www.comunidadentama.com\/pt-pt\/#organization\",\"name\":\"Entama Ayudas para el emprendimiento rural | EDP\",\"url\":\"https:\/\/www.comunidadentama.com\/pt-pt\/\",\"logo\":{\"@type\":\"ImageObject\",\"inLanguage\":\"pt-PT\",\"@id\":\"https:\/\/www.comunidadentama.com\/pt-pt\/#\/schema\/logo\/image\/\",\"url\":\"https:\/\/www.comunidadentama.com\/wp-content\/uploads\/2023\/06\/logo-email.png\",\"contentUrl\":\"https:\/\/www.comunidadentama.com\/wp-content\/uploads\/2023\/06\/logo-email.png\",\"width\":949,\"height\":202,\"caption\":\"Entama Ayudas para el emprendimiento rural | EDP\"},\"image\":{\"@id\":\"https:\/\/www.comunidadentama.com\/pt-pt\/#\/schema\/logo\/image\/\"}}]}<\/script>\n<!-- \/ Yoast SEO plugin. -->","yoast_head_json":{"title":"Regras de participa\u00e7\u00e3o | Entama | Programa de apoyo a emprendedores del entorno social y territorial de EDP","description":"Regras de participa\u00e7\u00e3o","robots":{"index":"index","follow":"follow","max-snippet":"max-snippet:-1","max-image-preview":"max-image-preview:large","max-video-preview":"max-video-preview:-1"},"canonical":"https:\/\/www.comunidadentama.com\/pt-pt\/regras-de-participacao\/","og_locale":"pt_PT","og_type":"article","og_title":"Regras de participa\u00e7\u00e3o | Entama | Programa de apoyo a emprendedores del entorno social y territorial de EDP","og_description":"Regras de participa\u00e7\u00e3o","og_url":"https:\/\/www.comunidadentama.com\/pt-pt\/regras-de-participacao\/","og_site_name":"Entama | Programa de apoyo a emprendedores del entorno social y territorial de EDP","article_modified_time":"2026-04-27T10:03:32+00:00","og_image":[{"width":1920,"height":1080,"url":"https:\/\/www.comunidadentama.com\/wp-content\/uploads\/2023\/05\/envio-candidaturas.jpg","type":"image\/jpeg"}],"twitter_card":"summary_large_image","twitter_misc":{"Tempo estimado de leitura":"4 minutos"},"schema":{"@context":"https:\/\/schema.org","@graph":[{"@type":"WebPage","@id":"https:\/\/www.comunidadentama.com\/pt-pt\/regras-de-participacao\/","url":"https:\/\/www.comunidadentama.com\/pt-pt\/regras-de-participacao\/","name":"Regras de participa\u00e7\u00e3o | Entama | Programa de apoyo a emprendedores del entorno social y territorial de EDP","isPartOf":{"@id":"https:\/\/www.comunidadentama.com\/pt-pt\/#website"},"primaryImageOfPage":{"@id":"https:\/\/www.comunidadentama.com\/pt-pt\/regras-de-participacao\/#primaryimage"},"image":{"@id":"https:\/\/www.comunidadentama.com\/pt-pt\/regras-de-participacao\/#primaryimage"},"thumbnailUrl":"https:\/\/www.comunidadentama.com\/wp-content\/uploads\/2023\/05\/envio-candidaturas.jpg","datePublished":"2021-07-14T07:59:42+00:00","dateModified":"2026-04-27T10:03:32+00:00","description":"Regras de participa\u00e7\u00e3o","breadcrumb":{"@id":"https:\/\/www.comunidadentama.com\/pt-pt\/regras-de-participacao\/#breadcrumb"},"inLanguage":"pt-PT","potentialAction":[{"@type":"ReadAction","target":["https:\/\/www.comunidadentama.com\/pt-pt\/regras-de-participacao\/"]}]},{"@type":"ImageObject","inLanguage":"pt-PT","@id":"https:\/\/www.comunidadentama.com\/pt-pt\/regras-de-participacao\/#primaryimage","url":"https:\/\/www.comunidadentama.com\/wp-content\/uploads\/2023\/05\/envio-candidaturas.jpg","contentUrl":"https:\/\/www.comunidadentama.com\/wp-content\/uploads\/2023\/05\/envio-candidaturas.jpg","width":1920,"height":1080},{"@type":"BreadcrumbList","@id":"https:\/\/www.comunidadentama.com\/pt-pt\/regras-de-participacao\/#breadcrumb","itemListElement":[{"@type":"ListItem","position":1,"name":"Portada","item":"https:\/\/www.comunidadentama.com\/pt-pt\/"},{"@type":"ListItem","position":2,"name":"Regras de participa\u00e7\u00e3o"}]},{"@type":"WebSite","@id":"https:\/\/www.comunidadentama.com\/pt-pt\/#website","url":"https:\/\/www.comunidadentama.com\/pt-pt\/","name":"Entama | Programa de apoyo a emprendedores del entorno social y territorial de EDP","description":"","publisher":{"@id":"https:\/\/www.comunidadentama.com\/pt-pt\/#organization"},"potentialAction":[{"@type":"SearchAction","target":{"@type":"EntryPoint","urlTemplate":"https:\/\/www.comunidadentama.com\/pt-pt\/?s={search_term_string}"},"query-input":{"@type":"PropertyValueSpecification","valueRequired":true,"valueName":"search_term_string"}}],"inLanguage":"pt-PT"},{"@type":"Organization","@id":"https:\/\/www.comunidadentama.com\/pt-pt\/#organization","name":"Entama Ayudas para el emprendimiento rural | EDP","url":"https:\/\/www.comunidadentama.com\/pt-pt\/","logo":{"@type":"ImageObject","inLanguage":"pt-PT","@id":"https:\/\/www.comunidadentama.com\/pt-pt\/#\/schema\/logo\/image\/","url":"https:\/\/www.comunidadentama.com\/wp-content\/uploads\/2023\/06\/logo-email.png","contentUrl":"https:\/\/www.comunidadentama.com\/wp-content\/uploads\/2023\/06\/logo-email.png","width":949,"height":202,"caption":"Entama Ayudas para el emprendimiento rural | EDP"},"image":{"@id":"https:\/\/www.comunidadentama.com\/pt-pt\/#\/schema\/logo\/image\/"}}]}},"_links":{"self":[{"href":"https:\/\/www.comunidadentama.com\/pt-pt\/wp-json\/wp\/v2\/pages\/11754","targetHints":{"allow":["GET"]}}],"collection":[{"href":"https:\/\/www.comunidadentama.com\/pt-pt\/wp-json\/wp\/v2\/pages"}],"about":[{"href":"https:\/\/www.comunidadentama.com\/pt-pt\/wp-json\/wp\/v2\/types\/page"}],"author":[{"embeddable":true,"href":"https:\/\/www.comunidadentama.com\/pt-pt\/wp-json\/wp\/v2\/users\/1"}],"replies":[{"embeddable":true,"href":"https:\/\/www.comunidadentama.com\/pt-pt\/wp-json\/wp\/v2\/comments?post=11754"}],"version-history":[{"count":110,"href":"https:\/\/www.comunidadentama.com\/pt-pt\/wp-json\/wp\/v2\/pages\/11754\/revisions"}],"predecessor-version":[{"id":13182,"href":"https:\/\/www.comunidadentama.com\/pt-pt\/wp-json\/wp\/v2\/pages\/11754\/revisions\/13182"}],"wp:featuredmedia":[{"embeddable":true,"href":"https:\/\/www.comunidadentama.com\/pt-pt\/wp-json\/wp\/v2\/media\/10531"}],"wp:attachment":[{"href":"https:\/\/www.comunidadentama.com\/pt-pt\/wp-json\/wp\/v2\/media?parent=11754"}],"wp:term":[{"taxonomy":"tipo_de_plantilla","embeddable":true,"href":"https:\/\/www.comunidadentama.com\/pt-pt\/wp-json\/wp\/v2\/tipo_de_plantilla?post=11754"}],"curies":[{"name":"wp","href":"https:\/\/api.w.org\/{rel}","templated":true}]}}