{"id":11809,"date":"2021-07-14T10:00:31","date_gmt":"2021-07-14T08:00:31","guid":{"rendered":"https:\/\/www.comunidadentama.com\/cookies-policy\/"},"modified":"2021-07-14T10:00:31","modified_gmt":"2021-07-14T08:00:31","slug":"cookies-policy","status":"publish","type":"page","link":"https:\/\/www.comunidadentama.com\/en\/cookies-policy\/","title":{"rendered":"Cookies policy"},"content":{"rendered":"<p>It is possible to refuse the use of cookies on this website and revoke consents using the following tool:<\/p>\n<p><button id=\"ot-sdk-btn\" class=\"ot-sdk-show-settings\">Cookie settings<\/button><\/p>\n<p>This Cookie Policy attempts to explain, in a transparent and specific manner, how personal information collected through the use of this <em>website<\/em> is used. It is in this spirit that, through this Cookie Policy, details the how, when and why of the use of Cookies on this <em>website<\/em>.<br \/>This website uses Cookies, not only to ensure that we offer a unique and personalized experience, but also to be able to share with our technology partners aggregated data that allows us to improve, in a continuous and integrated way, our <em>website<\/em> and your browsing experience.<\/p>\n<h2>What are Cookies?<\/h2>\n<p>Cookies are digital files with small pieces of information (and generally with a unique identifier), which are downloaded and stored in the visitor&#8217;s device of a <em>website<\/em>. They can be temporary (being automatically deleted when the <em>browser<\/em> is closed) or persistent (until a defined expiration date), as well as own (defined by the entity that operates the <em>site<\/em>) or third party responsibility. Cookies can be classified according to their purpose. There are Cookies that are strictly necessary for the operation of the website (\u201c<strong>Technical Cookies<\/strong>\u201d), while others are used to know where the user is when requesting a service (\u201c<strong>Geolocation Cookies<\/strong>\u201d, or to provide statistical information with the intention of analyzing the use of the website and the respective performance (\u201c<strong>Analytical Cookies<\/strong>\u201d). There are Cookies that are used to make available additional functionalities on the website or to save the visitor&#8217;s preferences in relation to the navigation on the website, provided that he\/she uses the same device (\u201c<strong>Personalization Cookies<\/strong>\u201d). Other cookies allow to manage more effectively the advertising displayed during navigation, both own and third parties, adapting the content to the use you make of our website (\u201c<strong>Advertising and profiling cookies<\/strong>\u201d). The visitor may consult two plataforms that provide more detailed information on Cookies and that do not have any type of commercial or legal relationship with EDP ESPA\u00d1A, S.A.U.: <a href=\"https:\/\/www.allaboutCookies.org\">https:\/\/www.allaboutCookies.org<\/a> or <a href=\"httpss:\/\/www.aboutcookies.org\/\">https:\/\/www.aboutCookies.org\/<\/a>. Additionally, the user can learn more about about which Cookies are used on this <em>website<\/em> from the list that is available in section 4 of this cookies policy. <\/p>\n<h2>Why use Cookies?<\/h2>\n<p>The use of Cookies is a common practice in all <em>websites<\/em>, not harming in any way the devices (computers, <em>tablets<\/em>, cell phones, etc.) in which they are stored and allowing a better experience of use of the platforms themselves, both in terms of performance and in terms of navigation, since the content available will be more oriented to the real needs and expectations of users.<br \/>Cookies also allow the <em>Website<\/em> to memorize information about your visit, as well as your preferred language, your location, the recurrence of your sessions and other variables that we consider relevant to make your search experience more comfortable and efficient.<\/p>\n<h2>Cookies used and their respective purposes<\/h2>\n<p>EDP ESPA\u00d1A, S.A.U detalla, a continuaci\u00f3n, la informaci\u00f3n relativa a las Cookies utilizadas en el website, as\u00ed como las finalidades de tratamiento de los datos que las justifican.<br \/>Este <em>website<\/em> o los emails enviados por EDP ESPA\u00d1A, S.A.U&nbsp; podr\u00e1 contener links con otros <em>websites<\/em> o aplicaciones, incluyendo los que sean responsabilidad de otros responsables diferentes a los de este website. En caso de que el usuario acceda a uno de esos <em>links<\/em> o aplicaciones, debe tener en consideraci\u00f3n que las respectivas Pol\u00edticas de Cookies son de la exclusiva responsabilidad de las entidades que las generan. Por este motivo, el usuario deber\u00e1 leer las Pol\u00edticas de Cookies de otras plataformas o aplicaciones antes de utilizarlas.<\/p>\n<p><!-- Inicio de la lista de cookies de OneTrust --><\/p>\n<div id=\"ot-sdk-cookie-policy\"><\/div>\n<p><!-- Fin de la lista de cookies de OneTrust --><\/p>\n<h2>Do I have to accept the use of Cookies?<\/h2>\n<p>In compliance with the current legislation in force, with the exception of strictly necessary cookies and performance\/analysis cookies, this <em>website<\/em> may only resort to the use of Cookies with the prior and express consent of the visitor. EDP ESPA\u00d1A, S.A.U.&nbsp; undertakes to use Cookies only for the purposes referred to in the previous point.<br \/>It is important to note that the use of Cookies is essential for the proper functioning of the <em>website<\/em> in its entirety, so its acceptance is recommended. <\/p>\n<h2>Cookie Management<\/h2>\n<p>Most browsers allow control over the Cookies stored in the visitor&#8217;s devices, as well as their immediate elimination, in case the user wants to stop allowing the local storage of Cookies.<br \/>Users can always configure the devices and <em>browsers<\/em> they use to accept all or some Cookies, to notify whenever a Cookie is issued, or to never receive Cookies. To allow visitors to easily and intuitively manage their Cookies from their <em>browser<\/em>, they can use one of the following links:<\/p>\n<ul>\n<li>For more information on \u201cPrivate Browsing\u201d and Cookie management in the Firefox <em>browser<\/em>, click <a href=\"httpss:\/\/support.mozilla.org\/en-US\/kb\/enable-and-disable-cookies-website-preferences\"><strong>here<\/strong><\/a><\/li>\n<li>For more information on \u201cIncognito Browsing\u201d and Cookie management in the Chrome <em>browser<\/em>, <a href=\"httpss:\/\/support.google.com\/chrome\/answer\/95647?hl=en\"><strong>click<\/strong><\/a> here.<\/li>\n<li>For more information on \u201cPrivate Browsing\u201d and Cookie management from the Internet Explorer <em>browser<\/em>, click <a href=\"httpss:\/\/support.microsoft.com\/pt-pt\/help\/17442\/windows-internet-explorer-delete-manage-cookies\"><strong>here<\/strong><\/a>.<\/li>\n<li>For more information on \u201cPrivate Browsing\u201d and Cookie management from Safari, click <a href=\"httpss:\/\/support.apple.com\/kb\/ph21411?locale=en_US\"><strong>here<\/strong><\/a>.<\/li>\n<li>For more information on \u201cPrivate Browsing\u201d and Cookie management in the Opera <em>browser<\/em>, click <a href=\"https:\/\/help.opera.com\/Mac\/12.00\/en\/private.html\"><strong>here<\/strong><\/a><u><strong>.<\/strong><\/u><\/li>\n<\/ul>\n<h2>International data transfers<\/h2>\n<p><strong>&nbsp;<\/strong><strong>Cookies Propias:<\/strong><br \/>\nLa informaci\u00f3n almacenada no ser\u00e1 objeto de una transferencia internacional de datos. <strong>Cookies de terceros:<\/strong><br \/>\nEl usuario puede informarse de las transferencias a terceros pa\u00edses que, en su caso, realicen los terceros identificados en el apartado 4 de esta pol\u00edtica de cookies, en sus correspondientes pol\u00edticas.<\/p>\n<h2>Rights of data subjects<\/h2>\n<p>We recommend consulting our <a href=\"https:\/\/www.comunidadentama.com\/politica-privacidad\/\">Privacy&nbsp; &nbsp;Policy<\/a> to obtain more information about the data processing that we carry out, as well as how to exercise the user&#8217;s rights and claims before the Data Protection Delegate of EDP ESPA\u00d1A, S.A.U.&nbsp; and\/or the corresponding control authority.<\/p>\n<h2>Modification of the Cookies Policy<\/h2>\n<p>This cookie policy may be updated and modified at any time by EDP ESPA\u00d1A, S.A.U. Therefore, we recommend that you review this policy each time you access our Website in order to be properly informed about how and for what purpose we use cookies.<\/p>\n<h2>Contact<\/h2>\n<p>For any question about the Cookies Policy of this <em>website<\/em>, the visitor may contact EDP ESPA\u00d1A, S.A.U. at  <a href=\"mailto:comunicacionesrgpd@edpenergia.es\" target=\"_blank\" rel=\"noopener\">comunicacionesrgpd@edpenergia.es<\/a><\/p>\n","protected":false},"excerpt":{"rendered":"<p>It is possible to refuse the use of cookies on this website and revoke consents using the following tool: Cookie settings This Cookie Policy attempts to explain, in a transparent and specific manner, how personal information collected through the use of this website is used. It is in this spirit that, through this Cookie Policy, [&hellip;]<\/p>\n","protected":false},"author":1,"featured_media":10530,"parent":0,"menu_order":0,"comment_status":"closed","ping_status":"closed","template":"","meta":{"footnotes":""},"tipo_de_plantilla":[],"class_list":["post-11809","page","type-page","status-publish","has-post-thumbnail","hentry"],"acf":[],"yoast_head":"<!-- This site is optimized with the Yoast SEO plugin v26.5 - https:\/\/yoast.com\/wordpress\/plugins\/seo\/ -->\n<title>Cookies policy | Entama | Programa de apoyo a emprendedores del entorno social y territorial de EDP<\/title>\n<meta name=\"description\" content=\"Cookies policy\" \/>\n<meta name=\"robots\" content=\"noindex, follow\" \/>\n<meta property=\"og:locale\" content=\"en_US\" \/>\n<meta property=\"og:type\" content=\"article\" \/>\n<meta property=\"og:title\" content=\"Cookies policy | Entama | Programa de apoyo a emprendedores del entorno social y territorial de EDP\" \/>\n<meta property=\"og:description\" content=\"Cookies policy\" \/>\n<meta property=\"og:url\" content=\"https:\/\/www.comunidadentama.com\/en\/cookies-policy\/\" \/>\n<meta property=\"og:site_name\" content=\"Entama | Programa de apoyo a emprendedores del entorno social y territorial de EDP\" \/>\n<meta property=\"og:image\" content=\"https:\/\/www.comunidadentama.com\/wp-content\/uploads\/2023\/05\/envio-candidaturas.jpg\" \/>\n\t<meta property=\"og:image:width\" content=\"1920\" \/>\n\t<meta property=\"og:image:height\" content=\"1080\" \/>\n\t<meta property=\"og:image:type\" content=\"image\/jpeg\" \/>\n<meta name=\"twitter:card\" content=\"summary_large_image\" \/>\n<meta name=\"twitter:label1\" content=\"Est. reading time\" \/>\n\t<meta name=\"twitter:data1\" content=\"5 minutes\" \/>\n<script type=\"application\/ld+json\" class=\"yoast-schema-graph\">{\"@context\":\"https:\/\/schema.org\",\"@graph\":[{\"@type\":\"WebPage\",\"@id\":\"https:\/\/www.comunidadentama.com\/en\/cookies-policy\/\",\"url\":\"https:\/\/www.comunidadentama.com\/en\/cookies-policy\/\",\"name\":\"Cookies policy | Entama | Programa de apoyo a emprendedores del entorno social y territorial de EDP\",\"isPartOf\":{\"@id\":\"https:\/\/www.comunidadentama.com\/en\/#website\"},\"primaryImageOfPage\":{\"@id\":\"https:\/\/www.comunidadentama.com\/en\/cookies-policy\/#primaryimage\"},\"image\":{\"@id\":\"https:\/\/www.comunidadentama.com\/en\/cookies-policy\/#primaryimage\"},\"thumbnailUrl\":\"https:\/\/www.comunidadentama.com\/wp-content\/uploads\/2023\/05\/envio-candidaturas.jpg\",\"datePublished\":\"2021-07-14T08:00:31+00:00\",\"description\":\"Cookies policy\",\"breadcrumb\":{\"@id\":\"https:\/\/www.comunidadentama.com\/en\/cookies-policy\/#breadcrumb\"},\"inLanguage\":\"en-US\",\"potentialAction\":[{\"@type\":\"ReadAction\",\"target\":[\"https:\/\/www.comunidadentama.com\/en\/cookies-policy\/\"]}]},{\"@type\":\"ImageObject\",\"inLanguage\":\"en-US\",\"@id\":\"https:\/\/www.comunidadentama.com\/en\/cookies-policy\/#primaryimage\",\"url\":\"https:\/\/www.comunidadentama.com\/wp-content\/uploads\/2023\/05\/envio-candidaturas.jpg\",\"contentUrl\":\"https:\/\/www.comunidadentama.com\/wp-content\/uploads\/2023\/05\/envio-candidaturas.jpg\",\"width\":1920,\"height\":1080},{\"@type\":\"BreadcrumbList\",\"@id\":\"https:\/\/www.comunidadentama.com\/en\/cookies-policy\/#breadcrumb\",\"itemListElement\":[{\"@type\":\"ListItem\",\"position\":1,\"name\":\"Portada\",\"item\":\"https:\/\/www.comunidadentama.com\/en\/\"},{\"@type\":\"ListItem\",\"position\":2,\"name\":\"Cookies policy\"}]},{\"@type\":\"WebSite\",\"@id\":\"https:\/\/www.comunidadentama.com\/en\/#website\",\"url\":\"https:\/\/www.comunidadentama.com\/en\/\",\"name\":\"Entama | Programa de apoyo a emprendedores del entorno social y territorial de EDP\",\"description\":\"\",\"publisher\":{\"@id\":\"https:\/\/www.comunidadentama.com\/en\/#organization\"},\"potentialAction\":[{\"@type\":\"SearchAction\",\"target\":{\"@type\":\"EntryPoint\",\"urlTemplate\":\"https:\/\/www.comunidadentama.com\/en\/?s={search_term_string}\"},\"query-input\":{\"@type\":\"PropertyValueSpecification\",\"valueRequired\":true,\"valueName\":\"search_term_string\"}}],\"inLanguage\":\"en-US\"},{\"@type\":\"Organization\",\"@id\":\"https:\/\/www.comunidadentama.com\/en\/#organization\",\"name\":\"Entama Ayudas para el emprendimiento rural | EDP\",\"url\":\"https:\/\/www.comunidadentama.com\/en\/\",\"logo\":{\"@type\":\"ImageObject\",\"inLanguage\":\"en-US\",\"@id\":\"https:\/\/www.comunidadentama.com\/en\/#\/schema\/logo\/image\/\",\"url\":\"https:\/\/www.comunidadentama.com\/wp-content\/uploads\/2023\/06\/logo-email.png\",\"contentUrl\":\"https:\/\/www.comunidadentama.com\/wp-content\/uploads\/2023\/06\/logo-email.png\",\"width\":949,\"height\":202,\"caption\":\"Entama Ayudas para el emprendimiento rural | EDP\"},\"image\":{\"@id\":\"https:\/\/www.comunidadentama.com\/en\/#\/schema\/logo\/image\/\"}}]}<\/script>\n<!-- \/ Yoast SEO plugin. -->","yoast_head_json":{"title":"Cookies policy | Entama | Programa de apoyo a emprendedores del entorno social y territorial de EDP","description":"Cookies policy","robots":{"index":"noindex","follow":"follow"},"og_locale":"en_US","og_type":"article","og_title":"Cookies policy | Entama | Programa de apoyo a emprendedores del entorno social y territorial de EDP","og_description":"Cookies policy","og_url":"https:\/\/www.comunidadentama.com\/en\/cookies-policy\/","og_site_name":"Entama | Programa de apoyo a emprendedores del entorno social y territorial de EDP","og_image":[{"width":1920,"height":1080,"url":"https:\/\/www.comunidadentama.com\/wp-content\/uploads\/2023\/05\/envio-candidaturas.jpg","type":"image\/jpeg"}],"twitter_card":"summary_large_image","twitter_misc":{"Est. reading time":"5 minutes"},"schema":{"@context":"https:\/\/schema.org","@graph":[{"@type":"WebPage","@id":"https:\/\/www.comunidadentama.com\/en\/cookies-policy\/","url":"https:\/\/www.comunidadentama.com\/en\/cookies-policy\/","name":"Cookies policy | Entama | Programa de apoyo a emprendedores del entorno social y territorial de EDP","isPartOf":{"@id":"https:\/\/www.comunidadentama.com\/en\/#website"},"primaryImageOfPage":{"@id":"https:\/\/www.comunidadentama.com\/en\/cookies-policy\/#primaryimage"},"image":{"@id":"https:\/\/www.comunidadentama.com\/en\/cookies-policy\/#primaryimage"},"thumbnailUrl":"https:\/\/www.comunidadentama.com\/wp-content\/uploads\/2023\/05\/envio-candidaturas.jpg","datePublished":"2021-07-14T08:00:31+00:00","description":"Cookies policy","breadcrumb":{"@id":"https:\/\/www.comunidadentama.com\/en\/cookies-policy\/#breadcrumb"},"inLanguage":"en-US","potentialAction":[{"@type":"ReadAction","target":["https:\/\/www.comunidadentama.com\/en\/cookies-policy\/"]}]},{"@type":"ImageObject","inLanguage":"en-US","@id":"https:\/\/www.comunidadentama.com\/en\/cookies-policy\/#primaryimage","url":"https:\/\/www.comunidadentama.com\/wp-content\/uploads\/2023\/05\/envio-candidaturas.jpg","contentUrl":"https:\/\/www.comunidadentama.com\/wp-content\/uploads\/2023\/05\/envio-candidaturas.jpg","width":1920,"height":1080},{"@type":"BreadcrumbList","@id":"https:\/\/www.comunidadentama.com\/en\/cookies-policy\/#breadcrumb","itemListElement":[{"@type":"ListItem","position":1,"name":"Portada","item":"https:\/\/www.comunidadentama.com\/en\/"},{"@type":"ListItem","position":2,"name":"Cookies policy"}]},{"@type":"WebSite","@id":"https:\/\/www.comunidadentama.com\/en\/#website","url":"https:\/\/www.comunidadentama.com\/en\/","name":"Entama | Programa de apoyo a emprendedores del entorno social y territorial de EDP","description":"","publisher":{"@id":"https:\/\/www.comunidadentama.com\/en\/#organization"},"potentialAction":[{"@type":"SearchAction","target":{"@type":"EntryPoint","urlTemplate":"https:\/\/www.comunidadentama.com\/en\/?s={search_term_string}"},"query-input":{"@type":"PropertyValueSpecification","valueRequired":true,"valueName":"search_term_string"}}],"inLanguage":"en-US"},{"@type":"Organization","@id":"https:\/\/www.comunidadentama.com\/en\/#organization","name":"Entama Ayudas para el emprendimiento rural | EDP","url":"https:\/\/www.comunidadentama.com\/en\/","logo":{"@type":"ImageObject","inLanguage":"en-US","@id":"https:\/\/www.comunidadentama.com\/en\/#\/schema\/logo\/image\/","url":"https:\/\/www.comunidadentama.com\/wp-content\/uploads\/2023\/06\/logo-email.png","contentUrl":"https:\/\/www.comunidadentama.com\/wp-content\/uploads\/2023\/06\/logo-email.png","width":949,"height":202,"caption":"Entama Ayudas para el emprendimiento rural | EDP"},"image":{"@id":"https:\/\/www.comunidadentama.com\/en\/#\/schema\/logo\/image\/"}}]}},"_links":{"self":[{"href":"https:\/\/www.comunidadentama.com\/en\/wp-json\/wp\/v2\/pages\/11809","targetHints":{"allow":["GET"]}}],"collection":[{"href":"https:\/\/www.comunidadentama.com\/en\/wp-json\/wp\/v2\/pages"}],"about":[{"href":"https:\/\/www.comunidadentama.com\/en\/wp-json\/wp\/v2\/types\/page"}],"author":[{"embeddable":true,"href":"https:\/\/www.comunidadentama.com\/en\/wp-json\/wp\/v2\/users\/1"}],"replies":[{"embeddable":true,"href":"https:\/\/www.comunidadentama.com\/en\/wp-json\/wp\/v2\/comments?post=11809"}],"version-history":[{"count":0,"href":"https:\/\/www.comunidadentama.com\/en\/wp-json\/wp\/v2\/pages\/11809\/revisions"}],"wp:featuredmedia":[{"embeddable":true,"href":"https:\/\/www.comunidadentama.com\/en\/wp-json\/wp\/v2\/media\/10530"}],"wp:attachment":[{"href":"https:\/\/www.comunidadentama.com\/en\/wp-json\/wp\/v2\/media?parent=11809"}],"wp:term":[{"taxonomy":"tipo_de_plantilla","embeddable":true,"href":"https:\/\/www.comunidadentama.com\/en\/wp-json\/wp\/v2\/tipo_de_plantilla?post=11809"}],"curies":[{"name":"wp","href":"https:\/\/api.w.org\/{rel}","templated":true}]}}